{"id":1158,"date":"2022-06-15T07:41:41","date_gmt":"2022-06-15T07:41:41","guid":{"rendered":"https:\/\/nicktesting.kinsta.cloud\/shopdiko1\/?page_id=1158"},"modified":"2026-03-23T11:43:44","modified_gmt":"2026-03-23T11:43:44","slug":"about","status":"publish","type":"page","link":"https:\/\/safetystore.ro\/index.php\/about\/","title":{"rendered":"About"},"content":{"rendered":"\t\t<div data-elementor-type=\"wp-page\" data-elementor-id=\"1158\" class=\"elementor elementor-1158\" wpc-filter-elementor-widget=\"1\" data-elementor-post-type=\"page\">\n\t\t\t\t\t\t<section class=\"elementor-section elementor-top-section elementor-element elementor-element-e9f3040 elementor-section-full_width elementor-section-height-default elementor-section-height-default wpr-particle-no wpr-jarallax-no wpr-parallax-no wpr-sticky-section-no\" data-id=\"e9f3040\" data-element_type=\"section\" data-e-type=\"section\">\n\t\t\t\t\t\t<div class=\"elementor-container elementor-column-gap-default\">\n\t\t\t\t\t<div class=\"elementor-column elementor-col-100 elementor-top-column elementor-element elementor-element-9ea0c7d\" data-id=\"9ea0c7d\" data-element_type=\"column\" data-e-type=\"column\">\n\t\t\t<div class=\"elementor-widget-wrap elementor-element-populated\">\n\t\t\t\t\t\t<div class=\"elementor-element elementor-element-282108f elementor-widget-divider--view-line elementor-widget elementor-widget-divider\" data-id=\"282108f\" data-element_type=\"widget\" data-e-type=\"widget\" data-widget_type=\"divider.default\">\n\t\t\t\t\t\t\t<div class=\"elementor-divider\">\n\t\t\t<span class=\"elementor-divider-separator\">\n\t\t\t\t\t\t<\/span>\n\t\t<\/div>\n\t\t\t\t\t\t<\/div>\n\t\t\t\t\t<\/div>\n\t\t<\/div>\n\t\t\t\t\t<\/div>\n\t\t<\/section>\n\t\t<div class=\"elementor-element elementor-element-91bb8fe e-flex e-con-boxed wpr-particle-no wpr-jarallax-no wpr-parallax-no wpr-sticky-section-no e-con e-parent\" data-id=\"91bb8fe\" data-element_type=\"container\" data-e-type=\"container\">\n\t\t\t\t\t<div class=\"e-con-inner\">\n\t\t\t\t<div class=\"elementor-element elementor-element-26fa7a6 elementor-widget elementor-widget-text-editor\" data-id=\"26fa7a6\" data-element_type=\"widget\" data-e-type=\"widget\" data-widget_type=\"text-editor.default\">\n\t\t\t\t\t\t\t\t\t<h2>Despre Safetystore<\/h2><p>Safetystore este un magazin specializat \u00een elemente de semnalizare pentru siguran\u021b\u0103 \u0219i conformitate.<\/p><p>Am creat aceast\u0103 platform\u0103 pentru a oferi acces rapid la produse esen\u021biale de semnalizare SSM \u0219i PSI, necesare \u00een orice spa\u021biu de lucru, institu\u021bie sau activitate economic\u0103.<\/p><h3>\ud83c\udfaf Misiunea noastr\u0103<\/h3><p>S\u0103 facilit\u0103m implementarea unor medii sigure \u0219i bine organizate, prin elemente de semnalizare clare, vizibile \u0219i conforme.<\/p><h3>\ud83d\udd12 Ce oferim<\/h3><ul><li><p>Semnalizare de securitate \u0219i s\u0103n\u0103tate \u00een munc\u0103 (SSM)<\/p><\/li><li><p>Semnalizare pentru prevenirea \u0219i stingerea incendiilor (PSI)<\/p><\/li><li><p>Indicatoare de avertizare, interzicere \u0219i obligativitate<\/p><\/li><li><p>Solu\u021bii vizuale pentru orientare \u0219i organizare<\/p><\/li><\/ul><h3>\u2699\ufe0f De ce Safetystore<\/h3><p>Pentru c\u0103 semnalizarea corect\u0103 face diferen\u021ba \u00een siguran\u021ba oric\u0103rui spa\u021biu.<\/p><p>Ne diferen\u021biem prin:<\/p><ul><li><p><strong>Gama complet\u0103 de produse<\/strong> \u2013 pentru toate tipurile de spa\u021bii<\/p><\/li><li><p><strong>Disponibilitate rapid\u0103<\/strong> \u2013 livrare eficient\u0103 \u00een toat\u0103 Rom\u00e2nia<\/p><\/li><li><p><strong>Claritate \u00een alegere<\/strong> \u2013 produse u\u0219or de identificat \u0219i utilizat<\/p><\/li><li><p><strong>Focus pe conformitate<\/strong> \u2013 solu\u021bii aliniate cerin\u021belor legale<\/p><\/li><\/ul><h3>\ud83e\udde0 Specializare clar\u0103<\/h3><p>Safetystore este dedicat exclusiv elementelor de semnalizare, oferind produse care contribuie direct la:<\/p><ul><li><p>prevenirea riscurilor<\/p><\/li><li><p>organizarea spa\u021biilor<\/p><\/li><li><p>cre\u0219terea nivelului de siguran\u021b\u0103<\/p><\/li><\/ul><h3>\ud83e\udd1d Angajamentul nostru<\/h3><p>Punem accent pe:<\/p><ul><li><p>calitate \u0219i vizibilitate<\/p><\/li><li><p>eficien\u021b\u0103 \u00een implementare<\/p><\/li><li><p>livrare rapid\u0103 \u0219i sigur\u0103<\/p><\/li><\/ul><p>Fiecare produs contribuie la crearea unui mediu de lucru mai sigur, mai organizat \u0219i mai eficient.<\/p>\t\t\t\t\t\t\t\t<\/div>\n\t\t\t\t\t<\/div>\n\t\t\t\t<\/div>\n\t\t\t\t<\/div>\n\t\t","protected":false},"excerpt":{"rendered":"<p>Despre Safetystore Safetystore este un magazin specializat \u00een elemente de semnalizare pentru siguran\u021b\u0103 \u0219i conformitate. Am creat aceast\u0103 platform\u0103 pentru a oferi acces rapid la produse esen\u021biale de semnalizare SSM \u0219i PSI, necesare \u00een orice spa\u021biu de lucru, institu\u021bie sau activitate economic\u0103. \ud83c\udfaf Misiunea noastr\u0103 S\u0103 facilit\u0103m implementarea unor medii sigure \u0219i bine organizate, prin elemente de semnalizare clare, vizibile \u0219i conforme. \ud83d\udd12 Ce oferim Semnalizare de securitate \u0219i s\u0103n\u0103tate \u00een munc\u0103 (SSM) Semnalizare pentru prevenirea \u0219i stingerea incendiilor (PSI) Indicatoare de avertizare, interzicere \u0219i obligativitate Solu\u021bii vizuale pentru orientare \u0219i organizare \u2699\ufe0f De ce Safetystore Pentru c\u0103 semnalizarea corect\u0103 face diferen\u021ba \u00een siguran\u021ba oric\u0103rui spa\u021biu. Ne diferen\u021biem prin: Gama complet\u0103 de produse \u2013 pentru toate tipurile de spa\u021bii Disponibilitate rapid\u0103 \u2013 livrare eficient\u0103 \u00een toat\u0103 Rom\u00e2nia Claritate \u00een alegere \u2013 produse u\u0219or de identificat \u0219i utilizat Focus pe conformitate \u2013 solu\u021bii aliniate cerin\u021belor legale \ud83e\udde0 Specializare clar\u0103 Safetystore este dedicat exclusiv elementelor de semnalizare, oferind produse care contribuie direct la: prevenirea riscurilor organizarea spa\u021biilor cre\u0219terea nivelului de siguran\u021b\u0103 \ud83e\udd1d Angajamentul nostru Punem accent pe: calitate \u0219i vizibilitate eficien\u021b\u0103 \u00een implementare livrare rapid\u0103 \u0219i sigur\u0103 Fiecare produs contribuie la crearea unui mediu de lucru mai sigur, mai organizat \u0219i mai eficient.<\/p>\n","protected":false},"author":1,"featured_media":0,"parent":0,"menu_order":0,"comment_status":"closed","ping_status":"closed","template":"elementor_canvas","meta":{"footnotes":""},"class_list":["post-1158","page","type-page","status-publish","hentry"],"yoast_head":"<!-- This site is optimized with the Yoast SEO plugin v27.2 - https:\/\/yoast.com\/product\/yoast-seo-wordpress\/ -->\n<title>About - Safetystore.ro semnalizare de securitate \u0219i s\u0103n\u0103tate \u00een munc\u0103 prevenirea \u0219i stingerea incendiilor<\/title>\n<meta name=\"robots\" content=\"index, follow, max-snippet:-1, max-image-preview:large, max-video-preview:-1\" \/>\n<link rel=\"canonical\" href=\"https:\/\/safetystore.ro\/index.php\/about\/\" \/>\n<meta property=\"og:locale\" content=\"en_US\" \/>\n<meta property=\"og:type\" content=\"article\" \/>\n<meta property=\"og:title\" content=\"About - Safetystore.ro semnalizare de securitate \u0219i s\u0103n\u0103tate \u00een munc\u0103 prevenirea \u0219i stingerea incendiilor\" \/>\n<meta property=\"og:description\" content=\"Despre Safetystore Safetystore este un magazin specializat \u00een elemente de semnalizare pentru siguran\u021b\u0103 \u0219i conformitate. Am creat aceast\u0103 platform\u0103 pentru a oferi acces rapid la produse esen\u021biale de semnalizare SSM \u0219i PSI, necesare \u00een orice spa\u021biu de lucru, institu\u021bie sau activitate economic\u0103. \ud83c\udfaf Misiunea noastr\u0103 S\u0103 facilit\u0103m implementarea unor medii sigure \u0219i bine organizate, prin elemente de semnalizare clare, vizibile \u0219i conforme. \ud83d\udd12 Ce oferim Semnalizare de securitate \u0219i s\u0103n\u0103tate \u00een munc\u0103 (SSM) Semnalizare pentru prevenirea \u0219i stingerea incendiilor (PSI) Indicatoare de avertizare, interzicere \u0219i obligativitate Solu\u021bii vizuale pentru orientare \u0219i organizare \u2699\ufe0f De ce Safetystore Pentru c\u0103 semnalizarea corect\u0103 face diferen\u021ba \u00een siguran\u021ba oric\u0103rui spa\u021biu. Ne diferen\u021biem prin: Gama complet\u0103 de produse \u2013 pentru toate tipurile de spa\u021bii Disponibilitate rapid\u0103 \u2013 livrare eficient\u0103 \u00een toat\u0103 Rom\u00e2nia Claritate \u00een alegere \u2013 produse u\u0219or de identificat \u0219i utilizat Focus pe conformitate \u2013 solu\u021bii aliniate cerin\u021belor legale \ud83e\udde0 Specializare clar\u0103 Safetystore este dedicat exclusiv elementelor de semnalizare, oferind produse care contribuie direct la: prevenirea riscurilor organizarea spa\u021biilor cre\u0219terea nivelului de siguran\u021b\u0103 \ud83e\udd1d Angajamentul nostru Punem accent pe: calitate \u0219i vizibilitate eficien\u021b\u0103 \u00een implementare livrare rapid\u0103 \u0219i sigur\u0103 Fiecare produs contribuie la crearea unui mediu de lucru mai sigur, mai organizat \u0219i mai eficient.\" \/>\n<meta property=\"og:url\" content=\"https:\/\/safetystore.ro\/index.php\/about\/\" \/>\n<meta property=\"og:site_name\" content=\"Safetystore.ro semnalizare de securitate \u0219i s\u0103n\u0103tate \u00een munc\u0103 prevenirea \u0219i stingerea incendiilor\" \/>\n<meta property=\"article:modified_time\" content=\"2026-03-23T11:43:44+00:00\" \/>\n<meta name=\"twitter:card\" content=\"summary_large_image\" \/>\n<meta name=\"twitter:label1\" content=\"Est. reading time\" \/>\n\t<meta name=\"twitter:data1\" content=\"2 minutes\" \/>\n<script type=\"application\/ld+json\" class=\"yoast-schema-graph\">{\"@context\":\"https:\/\/schema.org\",\"@graph\":[{\"@type\":\"WebPage\",\"@id\":\"https:\/\/safetystore.ro\/index.php\/about\/\",\"url\":\"https:\/\/safetystore.ro\/index.php\/about\/\",\"name\":\"About - Safetystore.ro semnalizare de securitate \u0219i s\u0103n\u0103tate \u00een munc\u0103 prevenirea \u0219i stingerea incendiilor\",\"isPartOf\":{\"@id\":\"https:\/\/safetystore.ro\/#website\"},\"datePublished\":\"2022-06-15T07:41:41+00:00\",\"dateModified\":\"2026-03-23T11:43:44+00:00\",\"breadcrumb\":{\"@id\":\"https:\/\/safetystore.ro\/index.php\/about\/#breadcrumb\"},\"inLanguage\":\"en-US\",\"potentialAction\":[{\"@type\":\"ReadAction\",\"target\":[\"https:\/\/safetystore.ro\/index.php\/about\/\"]}]},{\"@type\":\"BreadcrumbList\",\"@id\":\"https:\/\/safetystore.ro\/index.php\/about\/#breadcrumb\",\"itemListElement\":[{\"@type\":\"ListItem\",\"position\":1,\"name\":\"Home\",\"item\":\"https:\/\/safetystore.ro\/\"},{\"@type\":\"ListItem\",\"position\":2,\"name\":\"About\"}]},{\"@type\":\"WebSite\",\"@id\":\"https:\/\/safetystore.ro\/#website\",\"url\":\"https:\/\/safetystore.ro\/\",\"name\":\"Safetystore.ro semnalizare de securitate \u0219i s\u0103n\u0103tate \u00een munc\u0103 prevenirea \u0219i stingerea incendiilor\",\"description\":\"\",\"publisher\":{\"@id\":\"https:\/\/safetystore.ro\/#organization\"},\"potentialAction\":[{\"@type\":\"SearchAction\",\"target\":{\"@type\":\"EntryPoint\",\"urlTemplate\":\"https:\/\/safetystore.ro\/?s={search_term_string}\"},\"query-input\":{\"@type\":\"PropertyValueSpecification\",\"valueRequired\":true,\"valueName\":\"search_term_string\"}}],\"inLanguage\":\"en-US\"},{\"@type\":\"Organization\",\"@id\":\"https:\/\/safetystore.ro\/#organization\",\"name\":\"Safetystore.ro semnalizare de securitate \u0219i s\u0103n\u0103tate \u00een munc\u0103 prevenirea \u0219i stingerea incendiilor\",\"url\":\"https:\/\/safetystore.ro\/\",\"logo\":{\"@type\":\"ImageObject\",\"inLanguage\":\"en-US\",\"@id\":\"https:\/\/safetystore.ro\/#\/schema\/logo\/image\/\",\"url\":\"https:\/\/safetystore.ro\/wp-content\/uploads\/2026\/02\/cropped-Design-fara-titlu_20260214_194817_0000.png\",\"contentUrl\":\"https:\/\/safetystore.ro\/wp-content\/uploads\/2026\/02\/cropped-Design-fara-titlu_20260214_194817_0000.png\",\"width\":1536,\"height\":356,\"caption\":\"Safetystore.ro semnalizare de securitate \u0219i s\u0103n\u0103tate \u00een munc\u0103 prevenirea \u0219i stingerea incendiilor \"},\"image\":{\"@id\":\"https:\/\/safetystore.ro\/#\/schema\/logo\/image\/\"}}]}<\/script>\n<!-- \/ Yoast SEO plugin. -->","yoast_head_json":{"title":"About - Safetystore.ro semnalizare de securitate \u0219i s\u0103n\u0103tate \u00een munc\u0103 prevenirea \u0219i stingerea incendiilor","robots":{"index":"index","follow":"follow","max-snippet":"max-snippet:-1","max-image-preview":"max-image-preview:large","max-video-preview":"max-video-preview:-1"},"canonical":"https:\/\/safetystore.ro\/index.php\/about\/","og_locale":"en_US","og_type":"article","og_title":"About - Safetystore.ro semnalizare de securitate \u0219i s\u0103n\u0103tate \u00een munc\u0103 prevenirea \u0219i stingerea incendiilor","og_description":"Despre Safetystore Safetystore este un magazin specializat \u00een elemente de semnalizare pentru siguran\u021b\u0103 \u0219i conformitate. Am creat aceast\u0103 platform\u0103 pentru a oferi acces rapid la produse esen\u021biale de semnalizare SSM \u0219i PSI, necesare \u00een orice spa\u021biu de lucru, institu\u021bie sau activitate economic\u0103. \ud83c\udfaf Misiunea noastr\u0103 S\u0103 facilit\u0103m implementarea unor medii sigure \u0219i bine organizate, prin elemente de semnalizare clare, vizibile \u0219i conforme. \ud83d\udd12 Ce oferim Semnalizare de securitate \u0219i s\u0103n\u0103tate \u00een munc\u0103 (SSM) Semnalizare pentru prevenirea \u0219i stingerea incendiilor (PSI) Indicatoare de avertizare, interzicere \u0219i obligativitate Solu\u021bii vizuale pentru orientare \u0219i organizare \u2699\ufe0f De ce Safetystore Pentru c\u0103 semnalizarea corect\u0103 face diferen\u021ba \u00een siguran\u021ba oric\u0103rui spa\u021biu. Ne diferen\u021biem prin: Gama complet\u0103 de produse \u2013 pentru toate tipurile de spa\u021bii Disponibilitate rapid\u0103 \u2013 livrare eficient\u0103 \u00een toat\u0103 Rom\u00e2nia Claritate \u00een alegere \u2013 produse u\u0219or de identificat \u0219i utilizat Focus pe conformitate \u2013 solu\u021bii aliniate cerin\u021belor legale \ud83e\udde0 Specializare clar\u0103 Safetystore este dedicat exclusiv elementelor de semnalizare, oferind produse care contribuie direct la: prevenirea riscurilor organizarea spa\u021biilor cre\u0219terea nivelului de siguran\u021b\u0103 \ud83e\udd1d Angajamentul nostru Punem accent pe: calitate \u0219i vizibilitate eficien\u021b\u0103 \u00een implementare livrare rapid\u0103 \u0219i sigur\u0103 Fiecare produs contribuie la crearea unui mediu de lucru mai sigur, mai organizat \u0219i mai eficient.","og_url":"https:\/\/safetystore.ro\/index.php\/about\/","og_site_name":"Safetystore.ro semnalizare de securitate \u0219i s\u0103n\u0103tate \u00een munc\u0103 prevenirea \u0219i stingerea incendiilor","article_modified_time":"2026-03-23T11:43:44+00:00","twitter_card":"summary_large_image","twitter_misc":{"Est. reading time":"2 minutes"},"schema":{"@context":"https:\/\/schema.org","@graph":[{"@type":"WebPage","@id":"https:\/\/safetystore.ro\/index.php\/about\/","url":"https:\/\/safetystore.ro\/index.php\/about\/","name":"About - Safetystore.ro semnalizare de securitate \u0219i s\u0103n\u0103tate \u00een munc\u0103 prevenirea \u0219i stingerea incendiilor","isPartOf":{"@id":"https:\/\/safetystore.ro\/#website"},"datePublished":"2022-06-15T07:41:41+00:00","dateModified":"2026-03-23T11:43:44+00:00","breadcrumb":{"@id":"https:\/\/safetystore.ro\/index.php\/about\/#breadcrumb"},"inLanguage":"en-US","potentialAction":[{"@type":"ReadAction","target":["https:\/\/safetystore.ro\/index.php\/about\/"]}]},{"@type":"BreadcrumbList","@id":"https:\/\/safetystore.ro\/index.php\/about\/#breadcrumb","itemListElement":[{"@type":"ListItem","position":1,"name":"Home","item":"https:\/\/safetystore.ro\/"},{"@type":"ListItem","position":2,"name":"About"}]},{"@type":"WebSite","@id":"https:\/\/safetystore.ro\/#website","url":"https:\/\/safetystore.ro\/","name":"Safetystore.ro semnalizare de securitate \u0219i s\u0103n\u0103tate \u00een munc\u0103 prevenirea \u0219i stingerea incendiilor","description":"","publisher":{"@id":"https:\/\/safetystore.ro\/#organization"},"potentialAction":[{"@type":"SearchAction","target":{"@type":"EntryPoint","urlTemplate":"https:\/\/safetystore.ro\/?s={search_term_string}"},"query-input":{"@type":"PropertyValueSpecification","valueRequired":true,"valueName":"search_term_string"}}],"inLanguage":"en-US"},{"@type":"Organization","@id":"https:\/\/safetystore.ro\/#organization","name":"Safetystore.ro semnalizare de securitate \u0219i s\u0103n\u0103tate \u00een munc\u0103 prevenirea \u0219i stingerea incendiilor","url":"https:\/\/safetystore.ro\/","logo":{"@type":"ImageObject","inLanguage":"en-US","@id":"https:\/\/safetystore.ro\/#\/schema\/logo\/image\/","url":"https:\/\/safetystore.ro\/wp-content\/uploads\/2026\/02\/cropped-Design-fara-titlu_20260214_194817_0000.png","contentUrl":"https:\/\/safetystore.ro\/wp-content\/uploads\/2026\/02\/cropped-Design-fara-titlu_20260214_194817_0000.png","width":1536,"height":356,"caption":"Safetystore.ro semnalizare de securitate \u0219i s\u0103n\u0103tate \u00een munc\u0103 prevenirea \u0219i stingerea incendiilor "},"image":{"@id":"https:\/\/safetystore.ro\/#\/schema\/logo\/image\/"}}]}},"jetpack_sharing_enabled":true,"_links":{"self":[{"href":"https:\/\/safetystore.ro\/index.php\/wp-json\/wp\/v2\/pages\/1158","targetHints":{"allow":["GET"]}}],"collection":[{"href":"https:\/\/safetystore.ro\/index.php\/wp-json\/wp\/v2\/pages"}],"about":[{"href":"https:\/\/safetystore.ro\/index.php\/wp-json\/wp\/v2\/types\/page"}],"author":[{"embeddable":true,"href":"https:\/\/safetystore.ro\/index.php\/wp-json\/wp\/v2\/users\/1"}],"replies":[{"embeddable":true,"href":"https:\/\/safetystore.ro\/index.php\/wp-json\/wp\/v2\/comments?post=1158"}],"version-history":[{"count":3,"href":"https:\/\/safetystore.ro\/index.php\/wp-json\/wp\/v2\/pages\/1158\/revisions"}],"predecessor-version":[{"id":6463,"href":"https:\/\/safetystore.ro\/index.php\/wp-json\/wp\/v2\/pages\/1158\/revisions\/6463"}],"wp:attachment":[{"href":"https:\/\/safetystore.ro\/index.php\/wp-json\/wp\/v2\/media?parent=1158"}],"curies":[{"name":"wp","href":"https:\/\/api.w.org\/{rel}","templated":true}]}}