{"id":8,"date":"2026-02-14T12:49:59","date_gmt":"2026-02-14T12:49:59","guid":{"rendered":"https:\/\/safetystore.ro\/index.php\/cart\/"},"modified":"2026-02-14T12:49:59","modified_gmt":"2026-02-14T12:49:59","slug":"cart","status":"publish","type":"page","link":"https:\/\/safetystore.ro\/index.php\/cart\/","title":{"rendered":"Cart"},"content":{"rendered":"\n<div data-block-name=\"woocommerce\/cart\" class=\"wp-block-woocommerce-cart alignwide is-loading\">\n<div data-block-name=\"woocommerce\/filled-cart-block\" class=\"wp-block-woocommerce-filled-cart-block\">\n<div data-block-name=\"woocommerce\/cart-items-block\" class=\"wp-block-woocommerce-cart-items-block\">\n<div data-block-name=\"woocommerce\/cart-line-items-block\" class=\"wp-block-woocommerce-cart-line-items-block\"><\/div>\n\n\n<\/div>\n\n\n\n\n<div data-block-name=\"woocommerce\/cart-totals-block\" class=\"wp-block-woocommerce-cart-totals-block\">\n<div data-block-name=\"woocommerce\/cart-order-summary-block\" class=\"wp-block-woocommerce-cart-order-summary-block\">\n<div data-block-name=\"woocommerce\/cart-order-summary-heading-block\" class=\"wp-block-woocommerce-cart-order-summary-heading-block\"><\/div><div data-block-name=\"woocommerce\/cart-order-summary-coupon-form-block\" class=\"wp-block-woocommerce-cart-order-summary-coupon-form-block\"><\/div><div data-block-name=\"woocommerce\/cart-order-summary-totals-block\" class=\"wp-block-woocommerce-cart-order-summary-totals-block\">\n<div data-block-name=\"woocommerce\/cart-order-summary-subtotal-block\" class=\"wp-block-woocommerce-cart-order-summary-subtotal-block\"><\/div>\n<div data-block-name=\"woocommerce\/cart-order-summary-discount-block\" class=\"wp-block-woocommerce-cart-order-summary-discount-block\"><\/div>\n<div data-block-name=\"woocommerce\/cart-order-summary-fee-block\" class=\"wp-block-woocommerce-cart-order-summary-fee-block\"><\/div>\n<div data-block-name=\"woocommerce\/cart-order-summary-shipping-block\" class=\"wp-block-woocommerce-cart-order-summary-shipping-block\"><\/div>\n<div data-block-name=\"woocommerce\/cart-order-summary-taxes-block\" class=\"wp-block-woocommerce-cart-order-summary-taxes-block\"><\/div><\/div>\n<\/div>\n\n\n\n<div data-block-name=\"woocommerce\/cart-express-payment-block\" class=\"wp-block-woocommerce-cart-express-payment-block\"><\/div>\n\n\n\n<div data-block-name=\"woocommerce\/proceed-to-checkout-block\" class=\"wp-block-woocommerce-proceed-to-checkout-block\"><\/div>\n<div id=\"ppcp-recaptcha-v2-container\" style=\"margin:20px 0;\"><\/div>\n\n\n<div data-block-name=\"woocommerce\/cart-accepted-payment-methods-block\" class=\"wp-block-woocommerce-cart-accepted-payment-methods-block\"><\/div>\n<\/div>\n<\/div>\n\n\n\n<div data-block-name=\"woocommerce\/empty-cart-block\" class=\"wp-block-woocommerce-empty-cart-block\">\n<h2 class=\"wp-block-heading has-text-align-center with-empty-cart-icon wc-block-cart__empty-cart__title\">Your cart is currently empty!<\/h2>\n\n\n\n<hr class=\"wp-block-separator has-alpha-channel-opacity is-style-dots\"\/>\n\n\n\n<h2 class=\"wp-block-heading has-text-align-center\">New in store<\/h2>\n\n\n<div data-block-name=\"woocommerce\/product-new\" data-columns=\"4\" data-rows=\"1\" class=\"wc-block-grid wp-block-product-new wp-block-woocommerce-product-new wc-block-product-new has-4-columns\"><ul class=\"wc-block-grid__products\"><li class=\"wc-block-grid__product\">\n\t\t\t\t<a href=\"https:\/\/safetystore.ro\/index.php\/product\/indicator-lift-pentru-pompieri\/\" class=\"wc-block-grid__product-link\">\n\t\t\t\t\t\n\t\t\t\t\t<div class=\"wc-block-grid__product-image\"><img decoding=\"async\" width=\"30\" height=\"42\" src=\"https:\/\/safetystore.ro\/wp-content\/uploads\/2026\/02\/PSI024-2-30x42.jpg\" class=\"attachment-woocommerce_thumbnail size-woocommerce_thumbnail\" alt=\"PSI024 LIFT PENTRU POMPIERI\" srcset=\"https:\/\/safetystore.ro\/wp-content\/uploads\/2026\/02\/PSI024-2-30x42.jpg 30w, https:\/\/safetystore.ro\/wp-content\/uploads\/2026\/02\/PSI024-2-60x83.jpg 60w, https:\/\/safetystore.ro\/wp-content\/uploads\/2026\/02\/PSI024-2-216x300.jpg 216w, https:\/\/safetystore.ro\/wp-content\/uploads\/2026\/02\/PSI024-2.jpg 529w\" sizes=\"(max-width: 30px) 100vw, 30px\" \/><\/div>\n\t\t\t\t\t<div class=\"wc-block-grid__product-title\">PSI024 LIFT PENTRU POMPIERI<\/div>\n\t\t\t\t<\/a>\n\t\t\t\t<div class=\"wc-block-grid__product-price price\"><span class=\"woocommerce-Price-amount amount\" aria-hidden=\"true\">9,89&nbsp;<span class=\"woocommerce-Price-currencySymbol\">lei<\/span><\/span> <span aria-hidden=\"true\">&ndash;<\/span> <span class=\"woocommerce-Price-amount amount\" aria-hidden=\"true\">46,13&nbsp;<span class=\"woocommerce-Price-currencySymbol\">lei<\/span><\/span><span class=\"screen-reader-text\">Price range: 9,89&nbsp;lei through 46,13&nbsp;lei<\/span><\/div>\n\t\t\t\t\n\t\t\t\t<div class=\"wp-block-button wc-block-grid__product-add-to-cart\"><a href=\"https:\/\/safetystore.ro\/index.php\/product\/indicator-lift-pentru-pompieri\/\" aria-label=\"Select options for &ldquo;PSI024 LIFT PENTRU POMPIERI&rdquo;\" data-quantity=\"1\" data-product_id=\"6263\" data-product_sku=\"PSI024\" data-price=\"9.89\" rel=\"nofollow\" class=\"wp-block-button__link  add_to_cart_button\">Select options<\/a><\/div>\n\t\t\t<\/li><li class=\"wc-block-grid__product\">\n\t\t\t\t<a href=\"https:\/\/safetystore.ro\/index.php\/product\/indicator-alarma-lift-pentru-antiincendiu-pompieri\/\" class=\"wc-block-grid__product-link\">\n\t\t\t\t\t\n\t\t\t\t\t<div class=\"wc-block-grid__product-image\"><img decoding=\"async\" width=\"30\" height=\"42\" src=\"https:\/\/safetystore.ro\/wp-content\/uploads\/2026\/02\/PSI023-2-30x42.jpg\" class=\"attachment-woocommerce_thumbnail size-woocommerce_thumbnail\" alt=\"PSI023 ALARMA ANTIINCENDIU\" srcset=\"https:\/\/safetystore.ro\/wp-content\/uploads\/2026\/02\/PSI023-2-30x42.jpg 30w, https:\/\/safetystore.ro\/wp-content\/uploads\/2026\/02\/PSI023-2-60x83.jpg 60w, https:\/\/safetystore.ro\/wp-content\/uploads\/2026\/02\/PSI023-2-216x300.jpg 216w, https:\/\/safetystore.ro\/wp-content\/uploads\/2026\/02\/PSI023-2.jpg 529w\" sizes=\"(max-width: 30px) 100vw, 30px\" \/><\/div>\n\t\t\t\t\t<div class=\"wc-block-grid__product-title\">PSI023 ALARMA ANTIINCENDIU<\/div>\n\t\t\t\t<\/a>\n\t\t\t\t<div class=\"wc-block-grid__product-price price\"><span class=\"woocommerce-Price-amount amount\" aria-hidden=\"true\">9,89&nbsp;<span class=\"woocommerce-Price-currencySymbol\">lei<\/span><\/span> <span aria-hidden=\"true\">&ndash;<\/span> <span class=\"woocommerce-Price-amount amount\" aria-hidden=\"true\">46,13&nbsp;<span class=\"woocommerce-Price-currencySymbol\">lei<\/span><\/span><span class=\"screen-reader-text\">Price range: 9,89&nbsp;lei through 46,13&nbsp;lei<\/span><\/div>\n\t\t\t\t\n\t\t\t\t<div class=\"wp-block-button wc-block-grid__product-add-to-cart\"><a href=\"https:\/\/safetystore.ro\/index.php\/product\/indicator-alarma-lift-pentru-antiincendiu-pompieri\/\" aria-label=\"Select options for &ldquo;PSI023 ALARMA ANTIINCENDIU&rdquo;\" data-quantity=\"1\" data-product_id=\"6262\" data-product_sku=\"PSI023\" data-price=\"9.89\" rel=\"nofollow\" class=\"wp-block-button__link  add_to_cart_button\">Select options<\/a><\/div>\n\t\t\t<\/li><li class=\"wc-block-grid__product\">\n\t\t\t\t<a href=\"https:\/\/safetystore.ro\/index.php\/product\/indicator-pulverizator-alarma-de-apa-antiincendiu\/\" class=\"wc-block-grid__product-link\">\n\t\t\t\t\t\n\t\t\t\t\t<div class=\"wc-block-grid__product-image\"><img decoding=\"async\" width=\"30\" height=\"42\" src=\"https:\/\/safetystore.ro\/wp-content\/uploads\/2026\/02\/PSI022-2-30x42.jpg\" class=\"attachment-woocommerce_thumbnail size-woocommerce_thumbnail\" alt=\"PSI022 PULVERIZATOR DE APA\" srcset=\"https:\/\/safetystore.ro\/wp-content\/uploads\/2026\/02\/PSI022-2-30x42.jpg 30w, https:\/\/safetystore.ro\/wp-content\/uploads\/2026\/02\/PSI022-2-60x83.jpg 60w, https:\/\/safetystore.ro\/wp-content\/uploads\/2026\/02\/PSI022-2-216x300.jpg 216w, https:\/\/safetystore.ro\/wp-content\/uploads\/2026\/02\/PSI022-2.jpg 529w\" sizes=\"(max-width: 30px) 100vw, 30px\" \/><\/div>\n\t\t\t\t\t<div class=\"wc-block-grid__product-title\">PSI022 PULVERIZATOR DE APA<\/div>\n\t\t\t\t<\/a>\n\t\t\t\t<div class=\"wc-block-grid__product-price price\"><span class=\"woocommerce-Price-amount amount\" aria-hidden=\"true\">9,89&nbsp;<span class=\"woocommerce-Price-currencySymbol\">lei<\/span><\/span> <span aria-hidden=\"true\">&ndash;<\/span> <span class=\"woocommerce-Price-amount amount\" aria-hidden=\"true\">46,13&nbsp;<span class=\"woocommerce-Price-currencySymbol\">lei<\/span><\/span><span class=\"screen-reader-text\">Price range: 9,89&nbsp;lei through 46,13&nbsp;lei<\/span><\/div>\n\t\t\t\t\n\t\t\t\t<div class=\"wp-block-button wc-block-grid__product-add-to-cart\"><a href=\"https:\/\/safetystore.ro\/index.php\/product\/indicator-pulverizator-alarma-de-apa-antiincendiu\/\" aria-label=\"Select options for &ldquo;PSI022 PULVERIZATOR DE APA&rdquo;\" data-quantity=\"1\" data-product_id=\"6261\" data-product_sku=\"PSI022\" data-price=\"9.89\" rel=\"nofollow\" class=\"wp-block-button__link  add_to_cart_button\">Select options<\/a><\/div>\n\t\t\t<\/li><li class=\"wc-block-grid__product\">\n\t\t\t\t<a href=\"https:\/\/safetystore.ro\/index.php\/product\/indicator-sparge-pulverizator-in-caz-de-apa-de-incendiu\/\" class=\"wc-block-grid__product-link\">\n\t\t\t\t\t\n\t\t\t\t\t<div class=\"wc-block-grid__product-image\"><img loading=\"lazy\" decoding=\"async\" width=\"30\" height=\"42\" src=\"https:\/\/safetystore.ro\/wp-content\/uploads\/2026\/02\/PSI021-2-30x42.jpg\" class=\"attachment-woocommerce_thumbnail size-woocommerce_thumbnail\" alt=\"PSI021 SPARGE IN CAZ DE INCENDIU\" srcset=\"https:\/\/safetystore.ro\/wp-content\/uploads\/2026\/02\/PSI021-2-30x42.jpg 30w, https:\/\/safetystore.ro\/wp-content\/uploads\/2026\/02\/PSI021-2-60x83.jpg 60w, https:\/\/safetystore.ro\/wp-content\/uploads\/2026\/02\/PSI021-2-216x300.jpg 216w, https:\/\/safetystore.ro\/wp-content\/uploads\/2026\/02\/PSI021-2.jpg 529w\" sizes=\"(max-width: 30px) 100vw, 30px\" \/><\/div>\n\t\t\t\t\t<div class=\"wc-block-grid__product-title\">PSI021 SPARGE IN CAZ DE INCENDIU<\/div>\n\t\t\t\t<\/a>\n\t\t\t\t<div class=\"wc-block-grid__product-price price\"><span class=\"woocommerce-Price-amount amount\" aria-hidden=\"true\">9,89&nbsp;<span class=\"woocommerce-Price-currencySymbol\">lei<\/span><\/span> <span aria-hidden=\"true\">&ndash;<\/span> <span class=\"woocommerce-Price-amount amount\" aria-hidden=\"true\">46,13&nbsp;<span class=\"woocommerce-Price-currencySymbol\">lei<\/span><\/span><span class=\"screen-reader-text\">Price range: 9,89&nbsp;lei through 46,13&nbsp;lei<\/span><\/div>\n\t\t\t\t\n\t\t\t\t<div class=\"wp-block-button wc-block-grid__product-add-to-cart\"><a href=\"https:\/\/safetystore.ro\/index.php\/product\/indicator-sparge-pulverizator-in-caz-de-apa-de-incendiu\/\" aria-label=\"Select options for &ldquo;PSI021 SPARGE IN CAZ DE INCENDIU&rdquo;\" data-quantity=\"1\" data-product_id=\"6230\" data-product_sku=\"PSI021\" data-price=\"9.89\" rel=\"nofollow\" class=\"wp-block-button__link  add_to_cart_button\">Select options<\/a><\/div>\n\t\t\t<\/li><\/ul><\/div><\/div>\n<\/div>\n","protected":false},"excerpt":{"rendered":"","protected":false},"author":1,"featured_media":0,"parent":0,"menu_order":0,"comment_status":"closed","ping_status":"closed","template":"","meta":{"footnotes":""},"class_list":["post-8","page","type-page","status-publish","hentry"],"yoast_head":"<!-- This site is optimized with the Yoast SEO plugin v27.2 - https:\/\/yoast.com\/product\/yoast-seo-wordpress\/ -->\n<title>Cart - Safetystore.ro semnalizare de securitate \u0219i s\u0103n\u0103tate \u00een munc\u0103 prevenirea \u0219i stingerea incendiilor<\/title>\n<meta name=\"robots\" content=\"index, follow, max-snippet:-1, max-image-preview:large, max-video-preview:-1\" \/>\n<link rel=\"canonical\" href=\"https:\/\/safetystore.ro\/index.php\/cart\/\" \/>\n<meta property=\"og:locale\" content=\"en_US\" \/>\n<meta property=\"og:type\" content=\"article\" \/>\n<meta property=\"og:title\" content=\"Cart - Safetystore.ro semnalizare de securitate \u0219i s\u0103n\u0103tate \u00een munc\u0103 prevenirea \u0219i stingerea incendiilor\" \/>\n<meta property=\"og:url\" content=\"https:\/\/safetystore.ro\/index.php\/cart\/\" \/>\n<meta property=\"og:site_name\" content=\"Safetystore.ro semnalizare de securitate \u0219i s\u0103n\u0103tate \u00een munc\u0103 prevenirea \u0219i stingerea incendiilor\" \/>\n<meta name=\"twitter:card\" content=\"summary_large_image\" \/>\n<script type=\"application\/ld+json\" class=\"yoast-schema-graph\">{\"@context\":\"https:\/\/schema.org\",\"@graph\":[{\"@type\":\"WebPage\",\"@id\":\"https:\/\/safetystore.ro\/index.php\/cart\/\",\"url\":\"https:\/\/safetystore.ro\/index.php\/cart\/\",\"name\":\"Cart - Safetystore.ro semnalizare de securitate \u0219i s\u0103n\u0103tate \u00een munc\u0103 prevenirea \u0219i stingerea incendiilor\",\"isPartOf\":{\"@id\":\"https:\/\/safetystore.ro\/#website\"},\"datePublished\":\"2026-02-14T12:49:59+00:00\",\"breadcrumb\":{\"@id\":\"https:\/\/safetystore.ro\/index.php\/cart\/#breadcrumb\"},\"inLanguage\":\"en-US\",\"potentialAction\":[{\"@type\":\"ReadAction\",\"target\":[\"https:\/\/safetystore.ro\/index.php\/cart\/\"]}]},{\"@type\":\"BreadcrumbList\",\"@id\":\"https:\/\/safetystore.ro\/index.php\/cart\/#breadcrumb\",\"itemListElement\":[{\"@type\":\"ListItem\",\"position\":1,\"name\":\"Home\",\"item\":\"https:\/\/safetystore.ro\/\"},{\"@type\":\"ListItem\",\"position\":2,\"name\":\"Cart\"}]},{\"@type\":\"WebSite\",\"@id\":\"https:\/\/safetystore.ro\/#website\",\"url\":\"https:\/\/safetystore.ro\/\",\"name\":\"Safetystore.ro semnalizare de securitate \u0219i s\u0103n\u0103tate \u00een munc\u0103 prevenirea \u0219i stingerea incendiilor\",\"description\":\"\",\"publisher\":{\"@id\":\"https:\/\/safetystore.ro\/#organization\"},\"potentialAction\":[{\"@type\":\"SearchAction\",\"target\":{\"@type\":\"EntryPoint\",\"urlTemplate\":\"https:\/\/safetystore.ro\/?s={search_term_string}\"},\"query-input\":{\"@type\":\"PropertyValueSpecification\",\"valueRequired\":true,\"valueName\":\"search_term_string\"}}],\"inLanguage\":\"en-US\"},{\"@type\":\"Organization\",\"@id\":\"https:\/\/safetystore.ro\/#organization\",\"name\":\"Safetystore.ro semnalizare de securitate \u0219i s\u0103n\u0103tate \u00een munc\u0103 prevenirea \u0219i stingerea incendiilor\",\"url\":\"https:\/\/safetystore.ro\/\",\"logo\":{\"@type\":\"ImageObject\",\"inLanguage\":\"en-US\",\"@id\":\"https:\/\/safetystore.ro\/#\/schema\/logo\/image\/\",\"url\":\"https:\/\/safetystore.ro\/wp-content\/uploads\/2026\/02\/cropped-Design-fara-titlu_20260214_194817_0000.png\",\"contentUrl\":\"https:\/\/safetystore.ro\/wp-content\/uploads\/2026\/02\/cropped-Design-fara-titlu_20260214_194817_0000.png\",\"width\":1536,\"height\":356,\"caption\":\"Safetystore.ro semnalizare de securitate \u0219i s\u0103n\u0103tate \u00een munc\u0103 prevenirea \u0219i stingerea incendiilor \"},\"image\":{\"@id\":\"https:\/\/safetystore.ro\/#\/schema\/logo\/image\/\"}}]}<\/script>\n<!-- \/ Yoast SEO plugin. -->","yoast_head_json":{"title":"Cart - Safetystore.ro semnalizare de securitate \u0219i s\u0103n\u0103tate \u00een munc\u0103 prevenirea \u0219i stingerea incendiilor","robots":{"index":"index","follow":"follow","max-snippet":"max-snippet:-1","max-image-preview":"max-image-preview:large","max-video-preview":"max-video-preview:-1"},"canonical":"https:\/\/safetystore.ro\/index.php\/cart\/","og_locale":"en_US","og_type":"article","og_title":"Cart - Safetystore.ro semnalizare de securitate \u0219i s\u0103n\u0103tate \u00een munc\u0103 prevenirea \u0219i stingerea incendiilor","og_url":"https:\/\/safetystore.ro\/index.php\/cart\/","og_site_name":"Safetystore.ro semnalizare de securitate \u0219i s\u0103n\u0103tate \u00een munc\u0103 prevenirea \u0219i stingerea incendiilor","twitter_card":"summary_large_image","schema":{"@context":"https:\/\/schema.org","@graph":[{"@type":"WebPage","@id":"https:\/\/safetystore.ro\/index.php\/cart\/","url":"https:\/\/safetystore.ro\/index.php\/cart\/","name":"Cart - Safetystore.ro semnalizare de securitate \u0219i s\u0103n\u0103tate \u00een munc\u0103 prevenirea \u0219i stingerea incendiilor","isPartOf":{"@id":"https:\/\/safetystore.ro\/#website"},"datePublished":"2026-02-14T12:49:59+00:00","breadcrumb":{"@id":"https:\/\/safetystore.ro\/index.php\/cart\/#breadcrumb"},"inLanguage":"en-US","potentialAction":[{"@type":"ReadAction","target":["https:\/\/safetystore.ro\/index.php\/cart\/"]}]},{"@type":"BreadcrumbList","@id":"https:\/\/safetystore.ro\/index.php\/cart\/#breadcrumb","itemListElement":[{"@type":"ListItem","position":1,"name":"Home","item":"https:\/\/safetystore.ro\/"},{"@type":"ListItem","position":2,"name":"Cart"}]},{"@type":"WebSite","@id":"https:\/\/safetystore.ro\/#website","url":"https:\/\/safetystore.ro\/","name":"Safetystore.ro semnalizare de securitate \u0219i s\u0103n\u0103tate \u00een munc\u0103 prevenirea \u0219i stingerea incendiilor","description":"","publisher":{"@id":"https:\/\/safetystore.ro\/#organization"},"potentialAction":[{"@type":"SearchAction","target":{"@type":"EntryPoint","urlTemplate":"https:\/\/safetystore.ro\/?s={search_term_string}"},"query-input":{"@type":"PropertyValueSpecification","valueRequired":true,"valueName":"search_term_string"}}],"inLanguage":"en-US"},{"@type":"Organization","@id":"https:\/\/safetystore.ro\/#organization","name":"Safetystore.ro semnalizare de securitate \u0219i s\u0103n\u0103tate \u00een munc\u0103 prevenirea \u0219i stingerea incendiilor","url":"https:\/\/safetystore.ro\/","logo":{"@type":"ImageObject","inLanguage":"en-US","@id":"https:\/\/safetystore.ro\/#\/schema\/logo\/image\/","url":"https:\/\/safetystore.ro\/wp-content\/uploads\/2026\/02\/cropped-Design-fara-titlu_20260214_194817_0000.png","contentUrl":"https:\/\/safetystore.ro\/wp-content\/uploads\/2026\/02\/cropped-Design-fara-titlu_20260214_194817_0000.png","width":1536,"height":356,"caption":"Safetystore.ro semnalizare de securitate \u0219i s\u0103n\u0103tate \u00een munc\u0103 prevenirea \u0219i stingerea incendiilor "},"image":{"@id":"https:\/\/safetystore.ro\/#\/schema\/logo\/image\/"}}]}},"jetpack_sharing_enabled":true,"_links":{"self":[{"href":"https:\/\/safetystore.ro\/index.php\/wp-json\/wp\/v2\/pages\/8","targetHints":{"allow":["GET"]}}],"collection":[{"href":"https:\/\/safetystore.ro\/index.php\/wp-json\/wp\/v2\/pages"}],"about":[{"href":"https:\/\/safetystore.ro\/index.php\/wp-json\/wp\/v2\/types\/page"}],"author":[{"embeddable":true,"href":"https:\/\/safetystore.ro\/index.php\/wp-json\/wp\/v2\/users\/1"}],"replies":[{"embeddable":true,"href":"https:\/\/safetystore.ro\/index.php\/wp-json\/wp\/v2\/comments?post=8"}],"version-history":[{"count":0,"href":"https:\/\/safetystore.ro\/index.php\/wp-json\/wp\/v2\/pages\/8\/revisions"}],"wp:attachment":[{"href":"https:\/\/safetystore.ro\/index.php\/wp-json\/wp\/v2\/media?parent=8"}],"curies":[{"name":"wp","href":"https:\/\/api.w.org\/{rel}","templated":true}]}}