{"id":9,"date":"2026-02-14T12:49:59","date_gmt":"2026-02-14T12:49:59","guid":{"rendered":"https:\/\/safetystore.ro\/index.php\/checkout\/"},"modified":"2026-02-14T12:49:59","modified_gmt":"2026-02-14T12:49:59","slug":"checkout","status":"publish","type":"page","link":"https:\/\/safetystore.ro\/index.php\/checkout\/","title":{"rendered":"Checkout"},"content":{"rendered":"\n<div data-block-name=\"woocommerce\/checkout\" class=\"wp-block-woocommerce-checkout alignwide wc-block-checkout is-loading\">\n<div data-block-name=\"woocommerce\/checkout-fields-block\" class=\"wp-block-woocommerce-checkout-fields-block\">\n<div data-block-name=\"woocommerce\/checkout-express-payment-block\" class=\"wp-block-woocommerce-checkout-express-payment-block\"><\/div>\n<div id=\"ppcp-recaptcha-v2-container\" style=\"margin:20px 0;\"><\/div>\n\n\n<div data-block-name=\"woocommerce\/checkout-contact-information-block\" class=\"wp-block-woocommerce-checkout-contact-information-block\"><\/div>\n\n\n\n<div data-block-name=\"woocommerce\/checkout-shipping-method-block\" class=\"wp-block-woocommerce-checkout-shipping-method-block\"><\/div>\n\n\n\n<div data-block-name=\"woocommerce\/checkout-pickup-options-block\" class=\"wp-block-woocommerce-checkout-pickup-options-block\"><\/div>\n\n\n\n<div data-block-name=\"woocommerce\/checkout-shipping-address-block\" class=\"wp-block-woocommerce-checkout-shipping-address-block\"><\/div>\n\n\n\n<div data-block-name=\"woocommerce\/checkout-billing-address-block\" class=\"wp-block-woocommerce-checkout-billing-address-block\"><\/div>\n\n\n\n<div data-block-name=\"woocommerce\/checkout-shipping-methods-block\" class=\"wp-block-woocommerce-checkout-shipping-methods-block\"><\/div>\n\n\n\n<div data-block-name=\"woocommerce\/checkout-payment-block\" class=\"wp-block-woocommerce-checkout-payment-block\"><\/div>\n\n\n\n<div data-block-name=\"woocommerce\/checkout-additional-information-block\" class=\"wp-block-woocommerce-checkout-additional-information-block\"><\/div>\n\n\n\n<div data-block-name=\"woocommerce\/checkout-order-note-block\" class=\"wp-block-woocommerce-checkout-order-note-block\"><\/div>\n\n\n\n<div data-block-name=\"woocommerce\/checkout-terms-block\" class=\"wp-block-woocommerce-checkout-terms-block\"><\/div>\n\n\n\n<div data-block-name=\"woocommerce\/checkout-actions-block\" class=\"wp-block-woocommerce-checkout-actions-block\"><\/div>\n<\/div>\n\n\n\n<div data-block-name=\"woocommerce\/checkout-totals-block\" class=\"wp-block-woocommerce-checkout-totals-block\">\n<div data-block-name=\"woocommerce\/checkout-order-summary-block\" class=\"wp-block-woocommerce-checkout-order-summary-block\">\n<div data-block-name=\"woocommerce\/checkout-order-summary-cart-items-block\" class=\"wp-block-woocommerce-checkout-order-summary-cart-items-block\"><\/div><div data-block-name=\"woocommerce\/checkout-order-summary-coupon-form-block\" class=\"wp-block-woocommerce-checkout-order-summary-coupon-form-block\"><\/div><div data-block-name=\"woocommerce\/checkout-order-summary-totals-block\" class=\"wp-block-woocommerce-checkout-order-summary-totals-block\">\n<div data-block-name=\"woocommerce\/checkout-order-summary-subtotal-block\" class=\"wp-block-woocommerce-checkout-order-summary-subtotal-block\"><\/div>\n<div data-block-name=\"woocommerce\/checkout-order-summary-discount-block\" class=\"wp-block-woocommerce-checkout-order-summary-discount-block\"><\/div>\n<div data-block-name=\"woocommerce\/checkout-order-summary-fee-block\" class=\"wp-block-woocommerce-checkout-order-summary-fee-block\"><\/div>\n<div data-block-name=\"woocommerce\/checkout-order-summary-shipping-block\" class=\"wp-block-woocommerce-checkout-order-summary-shipping-block\"><\/div>\n<div data-block-name=\"woocommerce\/checkout-order-summary-taxes-block\" class=\"wp-block-woocommerce-checkout-order-summary-taxes-block\"><\/div><\/div>\n<\/div>\n<\/div>\n<\/div>\n","protected":false},"excerpt":{"rendered":"","protected":false},"author":1,"featured_media":0,"parent":0,"menu_order":0,"comment_status":"closed","ping_status":"closed","template":"","meta":{"footnotes":""},"class_list":["post-9","page","type-page","status-publish","hentry"],"yoast_head":"<!-- This site is optimized with the Yoast SEO plugin v27.2 - https:\/\/yoast.com\/product\/yoast-seo-wordpress\/ -->\n<title>Checkout - Safetystore.ro semnalizare de securitate \u0219i s\u0103n\u0103tate \u00een munc\u0103 prevenirea \u0219i stingerea incendiilor<\/title>\n<meta name=\"robots\" content=\"index, follow, max-snippet:-1, max-image-preview:large, max-video-preview:-1\" \/>\n<link rel=\"canonical\" href=\"https:\/\/safetystore.ro\/index.php\/checkout\/\" \/>\n<meta property=\"og:locale\" content=\"en_US\" \/>\n<meta property=\"og:type\" content=\"article\" \/>\n<meta property=\"og:title\" content=\"Checkout - Safetystore.ro semnalizare de securitate \u0219i s\u0103n\u0103tate \u00een munc\u0103 prevenirea \u0219i stingerea incendiilor\" \/>\n<meta property=\"og:url\" content=\"https:\/\/safetystore.ro\/index.php\/checkout\/\" \/>\n<meta property=\"og:site_name\" content=\"Safetystore.ro semnalizare de securitate \u0219i s\u0103n\u0103tate \u00een munc\u0103 prevenirea \u0219i stingerea incendiilor\" \/>\n<meta name=\"twitter:card\" content=\"summary_large_image\" \/>\n<script type=\"application\/ld+json\" class=\"yoast-schema-graph\">{\"@context\":\"https:\/\/schema.org\",\"@graph\":[{\"@type\":\"WebPage\",\"@id\":\"https:\/\/safetystore.ro\/index.php\/checkout\/\",\"url\":\"https:\/\/safetystore.ro\/index.php\/checkout\/\",\"name\":\"Checkout - Safetystore.ro semnalizare de securitate \u0219i s\u0103n\u0103tate \u00een munc\u0103 prevenirea \u0219i stingerea incendiilor\",\"isPartOf\":{\"@id\":\"https:\/\/safetystore.ro\/#website\"},\"datePublished\":\"2026-02-14T12:49:59+00:00\",\"breadcrumb\":{\"@id\":\"https:\/\/safetystore.ro\/index.php\/checkout\/#breadcrumb\"},\"inLanguage\":\"en-US\",\"potentialAction\":[{\"@type\":\"ReadAction\",\"target\":[\"https:\/\/safetystore.ro\/index.php\/checkout\/\"]}]},{\"@type\":\"BreadcrumbList\",\"@id\":\"https:\/\/safetystore.ro\/index.php\/checkout\/#breadcrumb\",\"itemListElement\":[{\"@type\":\"ListItem\",\"position\":1,\"name\":\"Home\",\"item\":\"https:\/\/safetystore.ro\/\"},{\"@type\":\"ListItem\",\"position\":2,\"name\":\"Checkout\"}]},{\"@type\":\"WebSite\",\"@id\":\"https:\/\/safetystore.ro\/#website\",\"url\":\"https:\/\/safetystore.ro\/\",\"name\":\"Safetystore.ro semnalizare de securitate \u0219i s\u0103n\u0103tate \u00een munc\u0103 prevenirea \u0219i stingerea incendiilor\",\"description\":\"\",\"publisher\":{\"@id\":\"https:\/\/safetystore.ro\/#organization\"},\"potentialAction\":[{\"@type\":\"SearchAction\",\"target\":{\"@type\":\"EntryPoint\",\"urlTemplate\":\"https:\/\/safetystore.ro\/?s={search_term_string}\"},\"query-input\":{\"@type\":\"PropertyValueSpecification\",\"valueRequired\":true,\"valueName\":\"search_term_string\"}}],\"inLanguage\":\"en-US\"},{\"@type\":\"Organization\",\"@id\":\"https:\/\/safetystore.ro\/#organization\",\"name\":\"Safetystore.ro semnalizare de securitate \u0219i s\u0103n\u0103tate \u00een munc\u0103 prevenirea \u0219i stingerea incendiilor\",\"url\":\"https:\/\/safetystore.ro\/\",\"logo\":{\"@type\":\"ImageObject\",\"inLanguage\":\"en-US\",\"@id\":\"https:\/\/safetystore.ro\/#\/schema\/logo\/image\/\",\"url\":\"https:\/\/safetystore.ro\/wp-content\/uploads\/2026\/02\/cropped-Design-fara-titlu_20260214_194817_0000.png\",\"contentUrl\":\"https:\/\/safetystore.ro\/wp-content\/uploads\/2026\/02\/cropped-Design-fara-titlu_20260214_194817_0000.png\",\"width\":1536,\"height\":356,\"caption\":\"Safetystore.ro semnalizare de securitate \u0219i s\u0103n\u0103tate \u00een munc\u0103 prevenirea \u0219i stingerea incendiilor \"},\"image\":{\"@id\":\"https:\/\/safetystore.ro\/#\/schema\/logo\/image\/\"}}]}<\/script>\n<!-- \/ Yoast SEO plugin. -->","yoast_head_json":{"title":"Checkout - Safetystore.ro semnalizare de securitate \u0219i s\u0103n\u0103tate \u00een munc\u0103 prevenirea \u0219i stingerea incendiilor","robots":{"index":"index","follow":"follow","max-snippet":"max-snippet:-1","max-image-preview":"max-image-preview:large","max-video-preview":"max-video-preview:-1"},"canonical":"https:\/\/safetystore.ro\/index.php\/checkout\/","og_locale":"en_US","og_type":"article","og_title":"Checkout - Safetystore.ro semnalizare de securitate \u0219i s\u0103n\u0103tate \u00een munc\u0103 prevenirea \u0219i stingerea incendiilor","og_url":"https:\/\/safetystore.ro\/index.php\/checkout\/","og_site_name":"Safetystore.ro semnalizare de securitate \u0219i s\u0103n\u0103tate \u00een munc\u0103 prevenirea \u0219i stingerea incendiilor","twitter_card":"summary_large_image","schema":{"@context":"https:\/\/schema.org","@graph":[{"@type":"WebPage","@id":"https:\/\/safetystore.ro\/index.php\/checkout\/","url":"https:\/\/safetystore.ro\/index.php\/checkout\/","name":"Checkout - Safetystore.ro semnalizare de securitate \u0219i s\u0103n\u0103tate \u00een munc\u0103 prevenirea \u0219i stingerea incendiilor","isPartOf":{"@id":"https:\/\/safetystore.ro\/#website"},"datePublished":"2026-02-14T12:49:59+00:00","breadcrumb":{"@id":"https:\/\/safetystore.ro\/index.php\/checkout\/#breadcrumb"},"inLanguage":"en-US","potentialAction":[{"@type":"ReadAction","target":["https:\/\/safetystore.ro\/index.php\/checkout\/"]}]},{"@type":"BreadcrumbList","@id":"https:\/\/safetystore.ro\/index.php\/checkout\/#breadcrumb","itemListElement":[{"@type":"ListItem","position":1,"name":"Home","item":"https:\/\/safetystore.ro\/"},{"@type":"ListItem","position":2,"name":"Checkout"}]},{"@type":"WebSite","@id":"https:\/\/safetystore.ro\/#website","url":"https:\/\/safetystore.ro\/","name":"Safetystore.ro semnalizare de securitate \u0219i s\u0103n\u0103tate \u00een munc\u0103 prevenirea \u0219i stingerea incendiilor","description":"","publisher":{"@id":"https:\/\/safetystore.ro\/#organization"},"potentialAction":[{"@type":"SearchAction","target":{"@type":"EntryPoint","urlTemplate":"https:\/\/safetystore.ro\/?s={search_term_string}"},"query-input":{"@type":"PropertyValueSpecification","valueRequired":true,"valueName":"search_term_string"}}],"inLanguage":"en-US"},{"@type":"Organization","@id":"https:\/\/safetystore.ro\/#organization","name":"Safetystore.ro semnalizare de securitate \u0219i s\u0103n\u0103tate \u00een munc\u0103 prevenirea \u0219i stingerea incendiilor","url":"https:\/\/safetystore.ro\/","logo":{"@type":"ImageObject","inLanguage":"en-US","@id":"https:\/\/safetystore.ro\/#\/schema\/logo\/image\/","url":"https:\/\/safetystore.ro\/wp-content\/uploads\/2026\/02\/cropped-Design-fara-titlu_20260214_194817_0000.png","contentUrl":"https:\/\/safetystore.ro\/wp-content\/uploads\/2026\/02\/cropped-Design-fara-titlu_20260214_194817_0000.png","width":1536,"height":356,"caption":"Safetystore.ro semnalizare de securitate \u0219i s\u0103n\u0103tate \u00een munc\u0103 prevenirea \u0219i stingerea incendiilor "},"image":{"@id":"https:\/\/safetystore.ro\/#\/schema\/logo\/image\/"}}]}},"jetpack_sharing_enabled":true,"_links":{"self":[{"href":"https:\/\/safetystore.ro\/index.php\/wp-json\/wp\/v2\/pages\/9","targetHints":{"allow":["GET"]}}],"collection":[{"href":"https:\/\/safetystore.ro\/index.php\/wp-json\/wp\/v2\/pages"}],"about":[{"href":"https:\/\/safetystore.ro\/index.php\/wp-json\/wp\/v2\/types\/page"}],"author":[{"embeddable":true,"href":"https:\/\/safetystore.ro\/index.php\/wp-json\/wp\/v2\/users\/1"}],"replies":[{"embeddable":true,"href":"https:\/\/safetystore.ro\/index.php\/wp-json\/wp\/v2\/comments?post=9"}],"version-history":[{"count":0,"href":"https:\/\/safetystore.ro\/index.php\/wp-json\/wp\/v2\/pages\/9\/revisions"}],"wp:attachment":[{"href":"https:\/\/safetystore.ro\/index.php\/wp-json\/wp\/v2\/media?parent=9"}],"curies":[{"name":"wp","href":"https:\/\/api.w.org\/{rel}","templated":true}]}}