{"id":5888,"date":"2026-02-21T17:29:45","date_gmt":"2026-02-21T17:29:45","guid":{"rendered":"https:\/\/safetystore.ro\/?post_type=product&#038;p=5888"},"modified":"2026-02-26T07:55:43","modified_gmt":"2026-02-26T07:55:43","slug":"indicator-incaltaminte-detectorul-anti-statica-de-gaze-echipament-folositi-independent-podul-de-respiratie-de-trecere","status":"publish","type":"product","link":"https:\/\/safetystore.ro\/index.php\/product\/indicator-incaltaminte-detectorul-anti-statica-de-gaze-echipament-folositi-independent-podul-de-respiratie-de-trecere\/","title":{"rendered":"O051 ECHIPAMENT INDEPENDENT DE RESPIRATIE"},"content":{"rendered":"<p><strong>\u00ceNC\u0102L\u021a\u0102MINTE DETECTORUL ANTI-STATIC\u0102 DE GAZE ECHIPAMENT FOLOSI\u021aI INDEPENDENT PODUL DE RESPIRA\u021aIE DE TRECERE<\/strong> \u2013 indicator Obligativitate pentru semnalizare la locul de munc\u0103.<\/p>\n<ul>\n<li>Disponibil pe metal, PVC sau autocolant (\u00een func\u021bie de variant\u0103)<\/li>\n<li>Dimensiuni multiple (A5\/A4 \u0219i alte dimensiuni unde este cazul)<\/li>\n<li>Potrivit pentru spa\u021bii industriale, comerciale \u0219i administrative<\/li>\n<\/ul>\n","protected":false},"excerpt":{"rendered":"<p>Indicator Obligativitate: \u00ceNC\u0102L\u021a\u0102MINTE DETECTORUL ANTI-STATIC\u0102 DE GAZE ECHIPAMENT FOLOSI\u021aI INDEPENDENT PODUL DE RESPIRA\u021aIE DE TRECERE. Alege materialul \u0219i dimensiunea potrivite.<\/p>\n","protected":false},"featured_media":5903,"comment_status":"open","ping_status":"closed","template":"","meta":[],"product_brand":[],"product_cat":[19],"product_tag":[25,29,23,26,24],"class_list":{"0":"post-5888","1":"product","2":"type-product","3":"status-publish","4":"has-post-thumbnail","6":"product_cat-obligativitate","7":"product_tag-indicatoare","8":"product_tag-obligativitate","9":"product_tag-psi","10":"product_tag-semnalizare","11":"product_tag-ssm","13":"first","14":"instock","15":"taxable","16":"shipping-taxable","17":"purchasable","18":"product-type-variable"},"yoast_head":"<!-- This site is optimized with the Yoast SEO plugin v27.2 - https:\/\/yoast.com\/product\/yoast-seo-wordpress\/ -->\n<title>O051 ECHIPAMENT INDEPENDENT DE RESPIRATIE | Pret bun + Livrare rapida | Safetystore | - Safetystore.ro semnalizare de securitate \u0219i s\u0103n\u0103tate \u00een munc\u0103 prevenirea \u0219i stingerea incendiilor<\/title>\n<meta name=\"description\" content=\"Comanda O051 ECHIPAMENT INDEPENDENT DE RESPIRATIE la pret competitiv. Produse pentru securitate, SSM si PSI. Livrare rapida in toata Romania.\" \/>\n<meta name=\"robots\" content=\"index, follow, max-snippet:-1, max-image-preview:large, max-video-preview:-1\" \/>\n<link rel=\"canonical\" href=\"https:\/\/safetystore.ro\/index.php\/product\/indicator-incaltaminte-detectorul-anti-statica-de-gaze-echipament-folositi-independent-podul-de-respiratie-de-trecere\/\" \/>\n<meta property=\"og:locale\" content=\"en_US\" \/>\n<meta property=\"og:type\" content=\"article\" \/>\n<meta property=\"og:title\" content=\"O051 ECHIPAMENT INDEPENDENT DE RESPIRATIE | Pret bun + Livrare rapida | Safetystore | - Safetystore.ro semnalizare de securitate \u0219i s\u0103n\u0103tate \u00een munc\u0103 prevenirea \u0219i stingerea incendiilor\" \/>\n<meta property=\"og:description\" content=\"Comanda O051 ECHIPAMENT INDEPENDENT DE RESPIRATIE la pret competitiv. Produse pentru securitate, SSM si PSI. Livrare rapida in toata Romania.\" \/>\n<meta property=\"og:url\" content=\"https:\/\/safetystore.ro\/index.php\/product\/indicator-incaltaminte-detectorul-anti-statica-de-gaze-echipament-folositi-independent-podul-de-respiratie-de-trecere\/\" \/>\n<meta property=\"og:site_name\" content=\"Safetystore.ro semnalizare de securitate \u0219i s\u0103n\u0103tate \u00een munc\u0103 prevenirea \u0219i stingerea incendiilor\" \/>\n<meta property=\"article:modified_time\" content=\"2026-02-26T07:55:43+00:00\" \/>\n<meta property=\"og:image\" content=\"https:\/\/safetystore.ro\/wp-content\/uploads\/2026\/02\/O051-1.jpg\" \/>\n\t<meta property=\"og:image:width\" content=\"529\" \/>\n\t<meta property=\"og:image:height\" content=\"735\" \/>\n\t<meta property=\"og:image:type\" content=\"image\/jpeg\" \/>\n<meta name=\"twitter:card\" content=\"summary_large_image\" \/>\n<script type=\"application\/ld+json\" class=\"yoast-schema-graph\">{\"@context\":\"https:\/\/schema.org\",\"@graph\":[{\"@type\":\"WebPage\",\"@id\":\"https:\/\/safetystore.ro\/index.php\/product\/indicator-incaltaminte-detectorul-anti-statica-de-gaze-echipament-folositi-independent-podul-de-respiratie-de-trecere\/\",\"url\":\"https:\/\/safetystore.ro\/index.php\/product\/indicator-incaltaminte-detectorul-anti-statica-de-gaze-echipament-folositi-independent-podul-de-respiratie-de-trecere\/\",\"name\":\"O051 ECHIPAMENT INDEPENDENT DE RESPIRATIE | Pret bun + Livrare rapida | Safetystore | - Safetystore.ro semnalizare de securitate \u0219i s\u0103n\u0103tate \u00een munc\u0103 prevenirea \u0219i stingerea incendiilor\",\"isPartOf\":{\"@id\":\"https:\/\/safetystore.ro\/#website\"},\"primaryImageOfPage\":{\"@id\":\"https:\/\/safetystore.ro\/index.php\/product\/indicator-incaltaminte-detectorul-anti-statica-de-gaze-echipament-folositi-independent-podul-de-respiratie-de-trecere\/#primaryimage\"},\"image\":{\"@id\":\"https:\/\/safetystore.ro\/index.php\/product\/indicator-incaltaminte-detectorul-anti-statica-de-gaze-echipament-folositi-independent-podul-de-respiratie-de-trecere\/#primaryimage\"},\"thumbnailUrl\":\"https:\/\/safetystore.ro\/wp-content\/uploads\/2026\/02\/O051-1.jpg\",\"datePublished\":\"2026-02-21T17:29:45+00:00\",\"dateModified\":\"2026-02-26T07:55:43+00:00\",\"description\":\"Comanda O051 ECHIPAMENT INDEPENDENT DE RESPIRATIE la pret competitiv. Produse pentru securitate, SSM si PSI. Livrare rapida in toata Romania.\",\"breadcrumb\":{\"@id\":\"https:\/\/safetystore.ro\/index.php\/product\/indicator-incaltaminte-detectorul-anti-statica-de-gaze-echipament-folositi-independent-podul-de-respiratie-de-trecere\/#breadcrumb\"},\"inLanguage\":\"en-US\",\"potentialAction\":[{\"@type\":\"ReadAction\",\"target\":[\"https:\/\/safetystore.ro\/index.php\/product\/indicator-incaltaminte-detectorul-anti-statica-de-gaze-echipament-folositi-independent-podul-de-respiratie-de-trecere\/\"]}]},{\"@type\":\"ImageObject\",\"inLanguage\":\"en-US\",\"@id\":\"https:\/\/safetystore.ro\/index.php\/product\/indicator-incaltaminte-detectorul-anti-statica-de-gaze-echipament-folositi-independent-podul-de-respiratie-de-trecere\/#primaryimage\",\"url\":\"https:\/\/safetystore.ro\/wp-content\/uploads\/2026\/02\/O051-1.jpg\",\"contentUrl\":\"https:\/\/safetystore.ro\/wp-content\/uploads\/2026\/02\/O051-1.jpg\",\"width\":529,\"height\":735},{\"@type\":\"BreadcrumbList\",\"@id\":\"https:\/\/safetystore.ro\/index.php\/product\/indicator-incaltaminte-detectorul-anti-statica-de-gaze-echipament-folositi-independent-podul-de-respiratie-de-trecere\/#breadcrumb\",\"itemListElement\":[{\"@type\":\"ListItem\",\"position\":1,\"name\":\"Home\",\"item\":\"https:\/\/safetystore.ro\/\"},{\"@type\":\"ListItem\",\"position\":2,\"name\":\"Shop\",\"item\":\"https:\/\/safetystore.ro\/index.php\/shop-wooshop-v1\/\"},{\"@type\":\"ListItem\",\"position\":3,\"name\":\"O051 ECHIPAMENT INDEPENDENT DE RESPIRATIE\"}]},{\"@type\":\"WebSite\",\"@id\":\"https:\/\/safetystore.ro\/#website\",\"url\":\"https:\/\/safetystore.ro\/\",\"name\":\"Safetystore.ro semnalizare de securitate \u0219i s\u0103n\u0103tate \u00een munc\u0103 prevenirea \u0219i stingerea incendiilor\",\"description\":\"\",\"publisher\":{\"@id\":\"https:\/\/safetystore.ro\/#organization\"},\"potentialAction\":[{\"@type\":\"SearchAction\",\"target\":{\"@type\":\"EntryPoint\",\"urlTemplate\":\"https:\/\/safetystore.ro\/?s={search_term_string}\"},\"query-input\":{\"@type\":\"PropertyValueSpecification\",\"valueRequired\":true,\"valueName\":\"search_term_string\"}}],\"inLanguage\":\"en-US\"},{\"@type\":\"Organization\",\"@id\":\"https:\/\/safetystore.ro\/#organization\",\"name\":\"Safetystore.ro semnalizare de securitate \u0219i s\u0103n\u0103tate \u00een munc\u0103 prevenirea \u0219i stingerea incendiilor\",\"url\":\"https:\/\/safetystore.ro\/\",\"logo\":{\"@type\":\"ImageObject\",\"inLanguage\":\"en-US\",\"@id\":\"https:\/\/safetystore.ro\/#\/schema\/logo\/image\/\",\"url\":\"https:\/\/safetystore.ro\/wp-content\/uploads\/2026\/02\/cropped-Design-fara-titlu_20260214_194817_0000.png\",\"contentUrl\":\"https:\/\/safetystore.ro\/wp-content\/uploads\/2026\/02\/cropped-Design-fara-titlu_20260214_194817_0000.png\",\"width\":1536,\"height\":356,\"caption\":\"Safetystore.ro semnalizare de securitate \u0219i s\u0103n\u0103tate \u00een munc\u0103 prevenirea \u0219i stingerea incendiilor \"},\"image\":{\"@id\":\"https:\/\/safetystore.ro\/#\/schema\/logo\/image\/\"}}]}<\/script>\n<!-- \/ Yoast SEO plugin. -->","yoast_head_json":{"title":"O051 ECHIPAMENT INDEPENDENT DE RESPIRATIE | Pret bun + Livrare rapida | Safetystore | - Safetystore.ro semnalizare de securitate \u0219i s\u0103n\u0103tate \u00een munc\u0103 prevenirea \u0219i stingerea incendiilor","description":"Comanda O051 ECHIPAMENT INDEPENDENT DE RESPIRATIE la pret competitiv. Produse pentru securitate, SSM si PSI. Livrare rapida in toata Romania.","robots":{"index":"index","follow":"follow","max-snippet":"max-snippet:-1","max-image-preview":"max-image-preview:large","max-video-preview":"max-video-preview:-1"},"canonical":"https:\/\/safetystore.ro\/index.php\/product\/indicator-incaltaminte-detectorul-anti-statica-de-gaze-echipament-folositi-independent-podul-de-respiratie-de-trecere\/","og_locale":"en_US","og_type":"article","og_title":"O051 ECHIPAMENT INDEPENDENT DE RESPIRATIE | Pret bun + Livrare rapida | Safetystore | - Safetystore.ro semnalizare de securitate \u0219i s\u0103n\u0103tate \u00een munc\u0103 prevenirea \u0219i stingerea incendiilor","og_description":"Comanda O051 ECHIPAMENT INDEPENDENT DE RESPIRATIE la pret competitiv. Produse pentru securitate, SSM si PSI. Livrare rapida in toata Romania.","og_url":"https:\/\/safetystore.ro\/index.php\/product\/indicator-incaltaminte-detectorul-anti-statica-de-gaze-echipament-folositi-independent-podul-de-respiratie-de-trecere\/","og_site_name":"Safetystore.ro semnalizare de securitate \u0219i s\u0103n\u0103tate \u00een munc\u0103 prevenirea \u0219i stingerea incendiilor","article_modified_time":"2026-02-26T07:55:43+00:00","og_image":[{"width":529,"height":735,"url":"https:\/\/safetystore.ro\/wp-content\/uploads\/2026\/02\/O051-1.jpg","type":"image\/jpeg"}],"twitter_card":"summary_large_image","schema":{"@context":"https:\/\/schema.org","@graph":[{"@type":"WebPage","@id":"https:\/\/safetystore.ro\/index.php\/product\/indicator-incaltaminte-detectorul-anti-statica-de-gaze-echipament-folositi-independent-podul-de-respiratie-de-trecere\/","url":"https:\/\/safetystore.ro\/index.php\/product\/indicator-incaltaminte-detectorul-anti-statica-de-gaze-echipament-folositi-independent-podul-de-respiratie-de-trecere\/","name":"O051 ECHIPAMENT INDEPENDENT DE RESPIRATIE | Pret bun + Livrare rapida | Safetystore | - Safetystore.ro semnalizare de securitate \u0219i s\u0103n\u0103tate \u00een munc\u0103 prevenirea \u0219i stingerea incendiilor","isPartOf":{"@id":"https:\/\/safetystore.ro\/#website"},"primaryImageOfPage":{"@id":"https:\/\/safetystore.ro\/index.php\/product\/indicator-incaltaminte-detectorul-anti-statica-de-gaze-echipament-folositi-independent-podul-de-respiratie-de-trecere\/#primaryimage"},"image":{"@id":"https:\/\/safetystore.ro\/index.php\/product\/indicator-incaltaminte-detectorul-anti-statica-de-gaze-echipament-folositi-independent-podul-de-respiratie-de-trecere\/#primaryimage"},"thumbnailUrl":"https:\/\/safetystore.ro\/wp-content\/uploads\/2026\/02\/O051-1.jpg","datePublished":"2026-02-21T17:29:45+00:00","dateModified":"2026-02-26T07:55:43+00:00","description":"Comanda O051 ECHIPAMENT INDEPENDENT DE RESPIRATIE la pret competitiv. Produse pentru securitate, SSM si PSI. Livrare rapida in toata Romania.","breadcrumb":{"@id":"https:\/\/safetystore.ro\/index.php\/product\/indicator-incaltaminte-detectorul-anti-statica-de-gaze-echipament-folositi-independent-podul-de-respiratie-de-trecere\/#breadcrumb"},"inLanguage":"en-US","potentialAction":[{"@type":"ReadAction","target":["https:\/\/safetystore.ro\/index.php\/product\/indicator-incaltaminte-detectorul-anti-statica-de-gaze-echipament-folositi-independent-podul-de-respiratie-de-trecere\/"]}]},{"@type":"ImageObject","inLanguage":"en-US","@id":"https:\/\/safetystore.ro\/index.php\/product\/indicator-incaltaminte-detectorul-anti-statica-de-gaze-echipament-folositi-independent-podul-de-respiratie-de-trecere\/#primaryimage","url":"https:\/\/safetystore.ro\/wp-content\/uploads\/2026\/02\/O051-1.jpg","contentUrl":"https:\/\/safetystore.ro\/wp-content\/uploads\/2026\/02\/O051-1.jpg","width":529,"height":735},{"@type":"BreadcrumbList","@id":"https:\/\/safetystore.ro\/index.php\/product\/indicator-incaltaminte-detectorul-anti-statica-de-gaze-echipament-folositi-independent-podul-de-respiratie-de-trecere\/#breadcrumb","itemListElement":[{"@type":"ListItem","position":1,"name":"Home","item":"https:\/\/safetystore.ro\/"},{"@type":"ListItem","position":2,"name":"Shop","item":"https:\/\/safetystore.ro\/index.php\/shop-wooshop-v1\/"},{"@type":"ListItem","position":3,"name":"O051 ECHIPAMENT INDEPENDENT DE RESPIRATIE"}]},{"@type":"WebSite","@id":"https:\/\/safetystore.ro\/#website","url":"https:\/\/safetystore.ro\/","name":"Safetystore.ro semnalizare de securitate \u0219i s\u0103n\u0103tate \u00een munc\u0103 prevenirea \u0219i stingerea incendiilor","description":"","publisher":{"@id":"https:\/\/safetystore.ro\/#organization"},"potentialAction":[{"@type":"SearchAction","target":{"@type":"EntryPoint","urlTemplate":"https:\/\/safetystore.ro\/?s={search_term_string}"},"query-input":{"@type":"PropertyValueSpecification","valueRequired":true,"valueName":"search_term_string"}}],"inLanguage":"en-US"},{"@type":"Organization","@id":"https:\/\/safetystore.ro\/#organization","name":"Safetystore.ro semnalizare de securitate \u0219i s\u0103n\u0103tate \u00een munc\u0103 prevenirea \u0219i stingerea incendiilor","url":"https:\/\/safetystore.ro\/","logo":{"@type":"ImageObject","inLanguage":"en-US","@id":"https:\/\/safetystore.ro\/#\/schema\/logo\/image\/","url":"https:\/\/safetystore.ro\/wp-content\/uploads\/2026\/02\/cropped-Design-fara-titlu_20260214_194817_0000.png","contentUrl":"https:\/\/safetystore.ro\/wp-content\/uploads\/2026\/02\/cropped-Design-fara-titlu_20260214_194817_0000.png","width":1536,"height":356,"caption":"Safetystore.ro semnalizare de securitate \u0219i s\u0103n\u0103tate \u00een munc\u0103 prevenirea \u0219i stingerea incendiilor "},"image":{"@id":"https:\/\/safetystore.ro\/#\/schema\/logo\/image\/"}}]}},"jetpack_sharing_enabled":true,"_links":{"self":[{"href":"https:\/\/safetystore.ro\/index.php\/wp-json\/wp\/v2\/product\/5888","targetHints":{"allow":["GET"]}}],"collection":[{"href":"https:\/\/safetystore.ro\/index.php\/wp-json\/wp\/v2\/product"}],"about":[{"href":"https:\/\/safetystore.ro\/index.php\/wp-json\/wp\/v2\/types\/product"}],"replies":[{"embeddable":true,"href":"https:\/\/safetystore.ro\/index.php\/wp-json\/wp\/v2\/comments?post=5888"}],"wp:featuredmedia":[{"embeddable":true,"href":"https:\/\/safetystore.ro\/index.php\/wp-json\/wp\/v2\/media\/5903"}],"wp:attachment":[{"href":"https:\/\/safetystore.ro\/index.php\/wp-json\/wp\/v2\/media?parent=5888"}],"wp:term":[{"taxonomy":"product_brand","embeddable":true,"href":"https:\/\/safetystore.ro\/index.php\/wp-json\/wp\/v2\/product_brand?post=5888"},{"taxonomy":"product_cat","embeddable":true,"href":"https:\/\/safetystore.ro\/index.php\/wp-json\/wp\/v2\/product_cat?post=5888"},{"taxonomy":"product_tag","embeddable":true,"href":"https:\/\/safetystore.ro\/index.php\/wp-json\/wp\/v2\/product_tag?post=5888"}],"curies":[{"name":"wp","href":"https:\/\/api.w.org\/{rel}","templated":true}]}}