{"id":6068,"date":"2026-02-21T17:35:00","date_gmt":"2026-02-21T17:35:00","guid":{"rendered":"https:\/\/safetystore.ro\/?post_type=product&#038;p=6068"},"modified":"2026-02-26T07:56:22","modified_gmt":"2026-02-26T07:56:22","slug":"indicator-de-urgenta-in-caz-de-urgenta-pa-buton-de-alarma-apa-pentru-cazuri-de-urgenta-potabila","status":"publish","type":"product","link":"https:\/\/safetystore.ro\/index.php\/product\/indicator-de-urgenta-in-caz-de-urgenta-pa-buton-de-alarma-apa-pentru-cazuri-de-urgenta-potabila\/","title":{"rendered":"Indicator DE URGEN\u021a\u0102 \u00ceN CAZ DE URGEN\u021a\u0102 PA BUTON DE ALARM\u0102 AP\u0102 PENTRU CAZURI DE URGEN\u021a\u0102 POTABIL\u0102"},"content":{"rendered":"<p><strong>DE URGEN\u021a\u0102 \u00ceN CAZ DE URGEN\u021a\u0102 PA BUTON DE ALARM\u0102 AP\u0102 PENTRU CAZURI DE URGEN\u021a\u0102 POTABIL\u0102<\/strong> \u2013 indicator Prim ajutor pentru semnalizare la locul de munc\u0103.<\/p>\n<ul>\n<li>Disponibil pe metal, PVC sau autocolant (\u00een func\u021bie de variant\u0103)<\/li>\n<li>Dimensiuni multiple (A5\/A4 \u0219i alte dimensiuni unde este cazul)<\/li>\n<li>Potrivit pentru spa\u021bii industriale, comerciale \u0219i administrative<\/li>\n<\/ul>\n","protected":false},"excerpt":{"rendered":"<p>Indicator Prim ajutor: DE URGEN\u021a\u0102 \u00ceN CAZ DE URGEN\u021a\u0102 PA BUTON DE ALARM\u0102 AP\u0102 PENTRU CAZURI DE URGEN\u021a\u0102 POTABIL\u0102. Alege materialul \u0219i dimensiunea potrivite.<\/p>\n","protected":false},"featured_media":6087,"comment_status":"open","ping_status":"closed","template":"","meta":[],"product_brand":[],"product_cat":[20],"product_tag":[25,30,23,26,24],"class_list":{"0":"post-6068","1":"product","2":"type-product","3":"status-publish","4":"has-post-thumbnail","6":"product_cat-prim-ajutor","7":"product_tag-indicatoare","8":"product_tag-prim-ajutor","9":"product_tag-psi","10":"product_tag-semnalizare","11":"product_tag-ssm","13":"first","14":"instock","15":"taxable","16":"shipping-taxable","17":"purchasable","18":"product-type-variable"},"yoast_head":"<!-- This site is optimized with the Yoast SEO plugin v27.2 - https:\/\/yoast.com\/product\/yoast-seo-wordpress\/ -->\n<title>Indicator DE URGEN\u021a\u0102 \u00ceN CAZ DE URGEN\u021a\u0102 PA BUTON DE ALARM\u0102 AP\u0102 PENTRU CAZURI DE URGEN\u021a\u0102 POTABIL\u0102 | Pret bun + Livrare rapida | Safetystore | - Safetystore.ro semnalizare de securitate \u0219i s\u0103n\u0103tate \u00een munc\u0103 prevenirea \u0219i stingerea incendiilor<\/title>\n<meta name=\"description\" content=\"Comanda Indicator DE URGEN\u021a\u0102 \u00ceN CAZ DE URGEN\u021a\u0102 PA BUTON DE ALARM\u0102 AP\u0102 PENTRU CAZURI DE URGEN\u021a\u0102 POTABIL\u0102 la pret competitiv. Produse pentru securitate, SSM si PSI. Livrare rapida in toata Romania.\" \/>\n<meta name=\"robots\" content=\"index, follow, max-snippet:-1, max-image-preview:large, max-video-preview:-1\" \/>\n<link rel=\"canonical\" href=\"https:\/\/safetystore.ro\/index.php\/product\/indicator-de-urgenta-in-caz-de-urgenta-pa-buton-de-alarma-apa-pentru-cazuri-de-urgenta-potabila\/\" \/>\n<meta property=\"og:locale\" content=\"en_US\" \/>\n<meta property=\"og:type\" content=\"article\" \/>\n<meta property=\"og:title\" content=\"Indicator DE URGEN\u021a\u0102 \u00ceN CAZ DE URGEN\u021a\u0102 PA BUTON DE ALARM\u0102 AP\u0102 PENTRU CAZURI DE URGEN\u021a\u0102 POTABIL\u0102 | Pret bun + Livrare rapida | Safetystore | - Safetystore.ro semnalizare de securitate \u0219i s\u0103n\u0103tate \u00een munc\u0103 prevenirea \u0219i stingerea incendiilor\" \/>\n<meta property=\"og:description\" content=\"Comanda Indicator DE URGEN\u021a\u0102 \u00ceN CAZ DE URGEN\u021a\u0102 PA BUTON DE ALARM\u0102 AP\u0102 PENTRU CAZURI DE URGEN\u021a\u0102 POTABIL\u0102 la pret competitiv. Produse pentru securitate, SSM si PSI. Livrare rapida in toata Romania.\" \/>\n<meta property=\"og:url\" content=\"https:\/\/safetystore.ro\/index.php\/product\/indicator-de-urgenta-in-caz-de-urgenta-pa-buton-de-alarma-apa-pentru-cazuri-de-urgenta-potabila\/\" \/>\n<meta property=\"og:site_name\" content=\"Safetystore.ro semnalizare de securitate \u0219i s\u0103n\u0103tate \u00een munc\u0103 prevenirea \u0219i stingerea incendiilor\" \/>\n<meta property=\"article:modified_time\" content=\"2026-02-26T07:56:22+00:00\" \/>\n<meta name=\"twitter:card\" content=\"summary_large_image\" \/>\n<script type=\"application\/ld+json\" class=\"yoast-schema-graph\">{\"@context\":\"https:\/\/schema.org\",\"@graph\":[{\"@type\":\"WebPage\",\"@id\":\"https:\/\/safetystore.ro\/index.php\/product\/indicator-de-urgenta-in-caz-de-urgenta-pa-buton-de-alarma-apa-pentru-cazuri-de-urgenta-potabila\/\",\"url\":\"https:\/\/safetystore.ro\/index.php\/product\/indicator-de-urgenta-in-caz-de-urgenta-pa-buton-de-alarma-apa-pentru-cazuri-de-urgenta-potabila\/\",\"name\":\"Indicator DE URGEN\u021a\u0102 \u00ceN CAZ DE URGEN\u021a\u0102 PA BUTON DE ALARM\u0102 AP\u0102 PENTRU CAZURI DE URGEN\u021a\u0102 POTABIL\u0102 | Pret bun + Livrare rapida | Safetystore | - Safetystore.ro semnalizare de securitate \u0219i s\u0103n\u0103tate \u00een munc\u0103 prevenirea \u0219i stingerea incendiilor\",\"isPartOf\":{\"@id\":\"https:\/\/safetystore.ro\/#website\"},\"primaryImageOfPage\":{\"@id\":\"https:\/\/safetystore.ro\/index.php\/product\/indicator-de-urgenta-in-caz-de-urgenta-pa-buton-de-alarma-apa-pentru-cazuri-de-urgenta-potabila\/#primaryimage\"},\"image\":{\"@id\":\"https:\/\/safetystore.ro\/index.php\/product\/indicator-de-urgenta-in-caz-de-urgenta-pa-buton-de-alarma-apa-pentru-cazuri-de-urgenta-potabila\/#primaryimage\"},\"thumbnailUrl\":\"https:\/\/safetystore.ro\/wp-content\/uploads\/2026\/02\/PA019-1.jpg\",\"datePublished\":\"2026-02-21T17:35:00+00:00\",\"dateModified\":\"2026-02-26T07:56:22+00:00\",\"description\":\"Comanda Indicator DE URGEN\u021a\u0102 \u00ceN CAZ DE URGEN\u021a\u0102 PA BUTON DE ALARM\u0102 AP\u0102 PENTRU CAZURI DE URGEN\u021a\u0102 POTABIL\u0102 la pret competitiv. Produse pentru securitate, SSM si PSI. Livrare rapida in toata Romania.\",\"breadcrumb\":{\"@id\":\"https:\/\/safetystore.ro\/index.php\/product\/indicator-de-urgenta-in-caz-de-urgenta-pa-buton-de-alarma-apa-pentru-cazuri-de-urgenta-potabila\/#breadcrumb\"},\"inLanguage\":\"en-US\",\"potentialAction\":[{\"@type\":\"ReadAction\",\"target\":[\"https:\/\/safetystore.ro\/index.php\/product\/indicator-de-urgenta-in-caz-de-urgenta-pa-buton-de-alarma-apa-pentru-cazuri-de-urgenta-potabila\/\"]}]},{\"@type\":\"ImageObject\",\"inLanguage\":\"en-US\",\"@id\":\"https:\/\/safetystore.ro\/index.php\/product\/indicator-de-urgenta-in-caz-de-urgenta-pa-buton-de-alarma-apa-pentru-cazuri-de-urgenta-potabila\/#primaryimage\",\"url\":\"https:\/\/safetystore.ro\/wp-content\/uploads\/2026\/02\/PA019-1.jpg\",\"contentUrl\":\"https:\/\/safetystore.ro\/wp-content\/uploads\/2026\/02\/PA019-1.jpg\",\"width\":529,\"height\":735},{\"@type\":\"BreadcrumbList\",\"@id\":\"https:\/\/safetystore.ro\/index.php\/product\/indicator-de-urgenta-in-caz-de-urgenta-pa-buton-de-alarma-apa-pentru-cazuri-de-urgenta-potabila\/#breadcrumb\",\"itemListElement\":[{\"@type\":\"ListItem\",\"position\":1,\"name\":\"Home\",\"item\":\"https:\/\/safetystore.ro\/\"},{\"@type\":\"ListItem\",\"position\":2,\"name\":\"Shop\",\"item\":\"https:\/\/safetystore.ro\/index.php\/shop-wooshop-v1\/\"},{\"@type\":\"ListItem\",\"position\":3,\"name\":\"Indicator DE URGEN\u021a\u0102 \u00ceN CAZ DE URGEN\u021a\u0102 PA BUTON DE ALARM\u0102 AP\u0102 PENTRU CAZURI DE URGEN\u021a\u0102 POTABIL\u0102\"}]},{\"@type\":\"WebSite\",\"@id\":\"https:\/\/safetystore.ro\/#website\",\"url\":\"https:\/\/safetystore.ro\/\",\"name\":\"Safetystore.ro semnalizare de securitate \u0219i s\u0103n\u0103tate \u00een munc\u0103 prevenirea \u0219i stingerea incendiilor\",\"description\":\"\",\"publisher\":{\"@id\":\"https:\/\/safetystore.ro\/#organization\"},\"potentialAction\":[{\"@type\":\"SearchAction\",\"target\":{\"@type\":\"EntryPoint\",\"urlTemplate\":\"https:\/\/safetystore.ro\/?s={search_term_string}\"},\"query-input\":{\"@type\":\"PropertyValueSpecification\",\"valueRequired\":true,\"valueName\":\"search_term_string\"}}],\"inLanguage\":\"en-US\"},{\"@type\":\"Organization\",\"@id\":\"https:\/\/safetystore.ro\/#organization\",\"name\":\"Safetystore.ro semnalizare de securitate \u0219i s\u0103n\u0103tate \u00een munc\u0103 prevenirea \u0219i stingerea incendiilor\",\"url\":\"https:\/\/safetystore.ro\/\",\"logo\":{\"@type\":\"ImageObject\",\"inLanguage\":\"en-US\",\"@id\":\"https:\/\/safetystore.ro\/#\/schema\/logo\/image\/\",\"url\":\"https:\/\/safetystore.ro\/wp-content\/uploads\/2026\/02\/cropped-Design-fara-titlu_20260214_194817_0000.png\",\"contentUrl\":\"https:\/\/safetystore.ro\/wp-content\/uploads\/2026\/02\/cropped-Design-fara-titlu_20260214_194817_0000.png\",\"width\":1536,\"height\":356,\"caption\":\"Safetystore.ro semnalizare de securitate \u0219i s\u0103n\u0103tate \u00een munc\u0103 prevenirea \u0219i stingerea incendiilor \"},\"image\":{\"@id\":\"https:\/\/safetystore.ro\/#\/schema\/logo\/image\/\"}}]}<\/script>\n<!-- \/ Yoast SEO plugin. -->","yoast_head_json":{"title":"Indicator DE URGEN\u021a\u0102 \u00ceN CAZ DE URGEN\u021a\u0102 PA BUTON DE ALARM\u0102 AP\u0102 PENTRU CAZURI DE URGEN\u021a\u0102 POTABIL\u0102 | Pret bun + Livrare rapida | Safetystore | - Safetystore.ro semnalizare de securitate \u0219i s\u0103n\u0103tate \u00een munc\u0103 prevenirea \u0219i stingerea incendiilor","description":"Comanda Indicator DE URGEN\u021a\u0102 \u00ceN CAZ DE URGEN\u021a\u0102 PA BUTON DE ALARM\u0102 AP\u0102 PENTRU CAZURI DE URGEN\u021a\u0102 POTABIL\u0102 la pret competitiv. Produse pentru securitate, SSM si PSI. Livrare rapida in toata Romania.","robots":{"index":"index","follow":"follow","max-snippet":"max-snippet:-1","max-image-preview":"max-image-preview:large","max-video-preview":"max-video-preview:-1"},"canonical":"https:\/\/safetystore.ro\/index.php\/product\/indicator-de-urgenta-in-caz-de-urgenta-pa-buton-de-alarma-apa-pentru-cazuri-de-urgenta-potabila\/","og_locale":"en_US","og_type":"article","og_title":"Indicator DE URGEN\u021a\u0102 \u00ceN CAZ DE URGEN\u021a\u0102 PA BUTON DE ALARM\u0102 AP\u0102 PENTRU CAZURI DE URGEN\u021a\u0102 POTABIL\u0102 | Pret bun + Livrare rapida | Safetystore | - Safetystore.ro semnalizare de securitate \u0219i s\u0103n\u0103tate \u00een munc\u0103 prevenirea \u0219i stingerea incendiilor","og_description":"Comanda Indicator DE URGEN\u021a\u0102 \u00ceN CAZ DE URGEN\u021a\u0102 PA BUTON DE ALARM\u0102 AP\u0102 PENTRU CAZURI DE URGEN\u021a\u0102 POTABIL\u0102 la pret competitiv. Produse pentru securitate, SSM si PSI. Livrare rapida in toata Romania.","og_url":"https:\/\/safetystore.ro\/index.php\/product\/indicator-de-urgenta-in-caz-de-urgenta-pa-buton-de-alarma-apa-pentru-cazuri-de-urgenta-potabila\/","og_site_name":"Safetystore.ro semnalizare de securitate \u0219i s\u0103n\u0103tate \u00een munc\u0103 prevenirea \u0219i stingerea incendiilor","article_modified_time":"2026-02-26T07:56:22+00:00","twitter_card":"summary_large_image","schema":{"@context":"https:\/\/schema.org","@graph":[{"@type":"WebPage","@id":"https:\/\/safetystore.ro\/index.php\/product\/indicator-de-urgenta-in-caz-de-urgenta-pa-buton-de-alarma-apa-pentru-cazuri-de-urgenta-potabila\/","url":"https:\/\/safetystore.ro\/index.php\/product\/indicator-de-urgenta-in-caz-de-urgenta-pa-buton-de-alarma-apa-pentru-cazuri-de-urgenta-potabila\/","name":"Indicator DE URGEN\u021a\u0102 \u00ceN CAZ DE URGEN\u021a\u0102 PA BUTON DE ALARM\u0102 AP\u0102 PENTRU CAZURI DE URGEN\u021a\u0102 POTABIL\u0102 | Pret bun + Livrare rapida | Safetystore | - Safetystore.ro semnalizare de securitate \u0219i s\u0103n\u0103tate \u00een munc\u0103 prevenirea \u0219i stingerea incendiilor","isPartOf":{"@id":"https:\/\/safetystore.ro\/#website"},"primaryImageOfPage":{"@id":"https:\/\/safetystore.ro\/index.php\/product\/indicator-de-urgenta-in-caz-de-urgenta-pa-buton-de-alarma-apa-pentru-cazuri-de-urgenta-potabila\/#primaryimage"},"image":{"@id":"https:\/\/safetystore.ro\/index.php\/product\/indicator-de-urgenta-in-caz-de-urgenta-pa-buton-de-alarma-apa-pentru-cazuri-de-urgenta-potabila\/#primaryimage"},"thumbnailUrl":"https:\/\/safetystore.ro\/wp-content\/uploads\/2026\/02\/PA019-1.jpg","datePublished":"2026-02-21T17:35:00+00:00","dateModified":"2026-02-26T07:56:22+00:00","description":"Comanda Indicator DE URGEN\u021a\u0102 \u00ceN CAZ DE URGEN\u021a\u0102 PA BUTON DE ALARM\u0102 AP\u0102 PENTRU CAZURI DE URGEN\u021a\u0102 POTABIL\u0102 la pret competitiv. Produse pentru securitate, SSM si PSI. Livrare rapida in toata Romania.","breadcrumb":{"@id":"https:\/\/safetystore.ro\/index.php\/product\/indicator-de-urgenta-in-caz-de-urgenta-pa-buton-de-alarma-apa-pentru-cazuri-de-urgenta-potabila\/#breadcrumb"},"inLanguage":"en-US","potentialAction":[{"@type":"ReadAction","target":["https:\/\/safetystore.ro\/index.php\/product\/indicator-de-urgenta-in-caz-de-urgenta-pa-buton-de-alarma-apa-pentru-cazuri-de-urgenta-potabila\/"]}]},{"@type":"ImageObject","inLanguage":"en-US","@id":"https:\/\/safetystore.ro\/index.php\/product\/indicator-de-urgenta-in-caz-de-urgenta-pa-buton-de-alarma-apa-pentru-cazuri-de-urgenta-potabila\/#primaryimage","url":"https:\/\/safetystore.ro\/wp-content\/uploads\/2026\/02\/PA019-1.jpg","contentUrl":"https:\/\/safetystore.ro\/wp-content\/uploads\/2026\/02\/PA019-1.jpg","width":529,"height":735},{"@type":"BreadcrumbList","@id":"https:\/\/safetystore.ro\/index.php\/product\/indicator-de-urgenta-in-caz-de-urgenta-pa-buton-de-alarma-apa-pentru-cazuri-de-urgenta-potabila\/#breadcrumb","itemListElement":[{"@type":"ListItem","position":1,"name":"Home","item":"https:\/\/safetystore.ro\/"},{"@type":"ListItem","position":2,"name":"Shop","item":"https:\/\/safetystore.ro\/index.php\/shop-wooshop-v1\/"},{"@type":"ListItem","position":3,"name":"Indicator DE URGEN\u021a\u0102 \u00ceN CAZ DE URGEN\u021a\u0102 PA BUTON DE ALARM\u0102 AP\u0102 PENTRU CAZURI DE URGEN\u021a\u0102 POTABIL\u0102"}]},{"@type":"WebSite","@id":"https:\/\/safetystore.ro\/#website","url":"https:\/\/safetystore.ro\/","name":"Safetystore.ro semnalizare de securitate \u0219i s\u0103n\u0103tate \u00een munc\u0103 prevenirea \u0219i stingerea incendiilor","description":"","publisher":{"@id":"https:\/\/safetystore.ro\/#organization"},"potentialAction":[{"@type":"SearchAction","target":{"@type":"EntryPoint","urlTemplate":"https:\/\/safetystore.ro\/?s={search_term_string}"},"query-input":{"@type":"PropertyValueSpecification","valueRequired":true,"valueName":"search_term_string"}}],"inLanguage":"en-US"},{"@type":"Organization","@id":"https:\/\/safetystore.ro\/#organization","name":"Safetystore.ro semnalizare de securitate \u0219i s\u0103n\u0103tate \u00een munc\u0103 prevenirea \u0219i stingerea incendiilor","url":"https:\/\/safetystore.ro\/","logo":{"@type":"ImageObject","inLanguage":"en-US","@id":"https:\/\/safetystore.ro\/#\/schema\/logo\/image\/","url":"https:\/\/safetystore.ro\/wp-content\/uploads\/2026\/02\/cropped-Design-fara-titlu_20260214_194817_0000.png","contentUrl":"https:\/\/safetystore.ro\/wp-content\/uploads\/2026\/02\/cropped-Design-fara-titlu_20260214_194817_0000.png","width":1536,"height":356,"caption":"Safetystore.ro semnalizare de securitate \u0219i s\u0103n\u0103tate \u00een munc\u0103 prevenirea \u0219i stingerea incendiilor "},"image":{"@id":"https:\/\/safetystore.ro\/#\/schema\/logo\/image\/"}}]}},"jetpack_sharing_enabled":true,"_links":{"self":[{"href":"https:\/\/safetystore.ro\/index.php\/wp-json\/wp\/v2\/product\/6068","targetHints":{"allow":["GET"]}}],"collection":[{"href":"https:\/\/safetystore.ro\/index.php\/wp-json\/wp\/v2\/product"}],"about":[{"href":"https:\/\/safetystore.ro\/index.php\/wp-json\/wp\/v2\/types\/product"}],"replies":[{"embeddable":true,"href":"https:\/\/safetystore.ro\/index.php\/wp-json\/wp\/v2\/comments?post=6068"}],"wp:featuredmedia":[{"embeddable":true,"href":"https:\/\/safetystore.ro\/index.php\/wp-json\/wp\/v2\/media\/6087"}],"wp:attachment":[{"href":"https:\/\/safetystore.ro\/index.php\/wp-json\/wp\/v2\/media?parent=6068"}],"wp:term":[{"taxonomy":"product_brand","embeddable":true,"href":"https:\/\/safetystore.ro\/index.php\/wp-json\/wp\/v2\/product_brand?post=6068"},{"taxonomy":"product_cat","embeddable":true,"href":"https:\/\/safetystore.ro\/index.php\/wp-json\/wp\/v2\/product_cat?post=6068"},{"taxonomy":"product_tag","embeddable":true,"href":"https:\/\/safetystore.ro\/index.php\/wp-json\/wp\/v2\/product_tag?post=6068"}],"curies":[{"name":"wp","href":"https:\/\/api.w.org\/{rel}","templated":true}]}}